{"id":3099,"date":"2019-08-30T16:15:53","date_gmt":"2019-08-30T16:15:53","guid":{"rendered":"https:\/\/coachellavalleydpc.com\/blog\/"},"modified":"2025-02-16T10:58:00","modified_gmt":"2025-02-16T10:58:00","slug":"blog","status":"publish","type":"page","link":"https:\/\/coachellavalleydpc.com\/es\/blog\/","title":{"rendered":"Blog"},"content":{"rendered":"<p>[et_pb_section fb_built=\u00bb1&#8243; fullwidth=\u00bbon\u00bb _builder_version=\u00bb3.27.4&#8243; background_image=\u00bbhttps:\/\/coachellavalleydpc.com\/wp-content\/uploads\/2019\/09\/coachella-valley-primary-care-services-hero.jpg\u00bb background_position=\u00bbbottom_center\u00bb][et_pb_fullwidth_header title=\u00bbBlog de Atenci\u00f3n Primaria Directa del Valle de Coachella\u00bb text_orientation=\u00bbcenter\u00bb background_overlay_color=\u00bbrgba(0,0,0,0.44)\u00bb _builder_version=\u00bb3.29.3&#8243; title_font=\u00bbGotham Bold||||||||\u00bb title_font_size=\u00bb55px\u00bb subhead_font_size=\u00bb24px\u00bb subhead_line_height=\u00bb1.2em\u00bb background_enable_color=\u00bboff\u00bb custom_button_two=\u00bbon\u00bb button_two_text_size=\u00bb17px\u00bb button_two_bg_color=\u00bbrgba(0,0,0,0.16)\u00bb button_two_border_width=\u00bb3px\u00bb button_two_border_color=\u00bb#ffffff\u00bb button_two_use_icon=\u00bboff\u00bb width=\u00bb100%\u00bb height_tablet=\u00bb\u00bb height_phone=\u00bb\u00bb height_last_edited=\u00bbon|desktop\u00bb custom_padding=\u00bb8%|0px|8%|0px|true|false\u00bb custom_padding_tablet=\u00bb10%||10%||true|false\u00bb custom_padding_phone=\u00bb8%||8%||true|false\u00bb custom_padding_last_edited=\u00bbon|phone\u00bb title_font_size_tablet=\u00bb\u00bb title_font_size_phone=\u00bb41px\u00bb title_font_size_last_edited=\u00bbon|phone\u00bb subhead_font_size_tablet=\u00bb\u00bb subhead_font_size_phone=\u00bb20px\u00bb subhead_font_size_last_edited=\u00bbon|phone\u00bb subhead_line_height_tablet=\u00bb\u00bb subhead_line_height_phone=\u00bb1.4em\u00bb subhead_line_height_last_edited=\u00bbon|phone\u00bb custom_css_title=\u00bbmargin-bottom:15px;\u00bb custom_css_content=\u00bbfont-family: &#8216;Gotham Book&#8217; !important;\u00bb custom_css_subtitle=\u00bbfont-family: &#8216;Gotham Book&#8217; !important;\u00bb title_text_shadow_style=\u00bbpreset3&#8243; subhead_text_shadow_style=\u00bbpreset3&#8243; subhead_text_shadow_color=\u00bbrgba(0,0,0,0.62)\u00bb][\/et_pb_fullwidth_header][\/et_pb_section][et_pb_section fb_built=\u00bb1&#8243; _builder_version=\u00bb3.27.3&#8243;][et_pb_row column_structure=\u00bb2_3,1_3&#8243; _builder_version=\u00bb3.27.4&#8243;][et_pb_column type=\u00bb2_3&#8243; _builder_version=\u00bb3.27.4&#8243;][et_pb_blog include_categories=\u00bball\u00bb show_more=\u00bbon\u00bb show_date=\u00bboff\u00bb use_overlay=\u00bbon\u00bb overlay_icon_color=\u00bb#ffffff\u00bb hover_overlay_color=\u00bbrgba(81,48,0,0.4)\u00bb hover_icon=\u00bb%%3%%\u00bb _builder_version=\u00bb4.0.6&#8243; read_more_font=\u00bbGotham Book||||||||\u00bb hover_enabled=\u00bb0&#8243; custom_css_read_more=\u00bbbackground-color: rgba(255, 255, 255, 0)!important;|| border: 2px solid;||    font-size:12px;||   font-family: &#8216;Gotham Book&#8217;;||    border-radius: 20px;|| -webkit-transition: all .4s ease-in-out;||    -moz-transition: all .4s ease-in-out;||    transition: all .4s ease-in-out;|| text-align:center;|| font-weight:bold;||width: 20%;||margin-top:20px;||\u00bb][\/et_pb_blog][\/et_pb_column][et_pb_column type=\u00bb1_3&#8243; _builder_version=\u00bb3.27.4&#8243;][et_pb_sidebar orientation=\u00bbright\u00bb _builder_version=\u00bb3.29.3&#8243;][\/et_pb_sidebar][\/et_pb_column][\/et_pb_row][\/et_pb_section][et_pb_section fb_built=\u00bb1&#8243; module_id=\u00bboptin-secci\u00f3n\u00bb _builder_version=\u00bb3.29.3&#8243; background_color=\u00bb#efefef\u00bb top_divider_style=\u00bbarrow\u00bb top_divider_color=\u00bb#ffffff\u00bb top_divider_height=\u00bb44px\u00bb global_module=\u00bb822&#8243;][et_pb_row column_structure=\u00bb1_2,1_2&#8243; _builder_version=\u00bb3.29.3&#8243; custom_margin=\u00bb3%||||false|false\u00bb custom_margin_tablet=\u00bb\u00bb custom_margin_phone=\u00bb\u00bb custom_margin_last_edited=\u00bbon|desktop\u00bb custom_padding=\u00bb||||false|false\u00bb][et_pb_column type=\u00bb1_2&#8243; _builder_version=\u00bb3.29.3&#8243;][et_pb_image src=\u00bbhttps:\/\/coachellavalleydpc.com\/wp-content\/uploads\/2019\/10\/opt-in-cover.png\u00bb align=\u00bbcenter\u00bb _builder_version=\u00bb3.29.3&#8243; width_tablet=\u00bb69%\u00bb width_phone=\u00bb\u00bb width_last_edited=\u00bbon|tablet\u00bb][\/et_pb_image][\/et_pb_column][et_pb_column type=\u00bb1_2&#8243; _builder_version=\u00bb3.29.3&#8243;][et_pb_text _builder_version=\u00bb3.29.3&#8243; header_2_text_color=\u00bb#513000&#8243; header_5_font=\u00bbSource Sans Pro|300|||||||\u00bb header_5_text_color=\u00bb#757575&#8243; header_5_letter_spacing=\u00bb2px\u00bb]<\/p>\n<h5>GU\u00cdA GRATUITA DE 8 P\u00c1GINAS<\/h5>\n<h2><span>Las 5 cosas que DEBES hacer cuando contraigas la gripe para estar sano y activo<\/span><\/h2>\n<p><span>Suscr\u00edbete a continuaci\u00f3n para que t\u00fa y tu familia est\u00e9is preparados, os manteng\u00e1is sanos y activos incluso cuando llegue la gripe.<\/span><\/p>\n<p>[\/et_pb_text][et_pb_signup mailchimp_list=\u00bbCVDPC Mailchimp|7e907b609b\u00bb layout=\u00bbtop_bottom\u00bb first_name_fullwidth=\u00bboff\u00bb last_name_field=\u00bboff\u00bb email_fullwidth=\u00bboff\u00bb success_message=\u00bbComprueba tu bandeja de entrada para confirmar y descargar tu gu\u00eda.\u00bb button_text=\u00bb\u00a1Env\u00edamelo!\u00bb _builder_version=\u00bb3.29.3&#8243; form_field_text_color=\u00bb#757575&#8243; form_field_focus_background_color=\u00bb#e8e8e8&#8243; form_field_focus_text_color=\u00bb#000000&#8243; form_field_custom_padding=\u00bb19px||19px||true|false\u00bb result_message_font_size=\u00bb18px\u00bb use_background_color=\u00bboff\u00bb custom_button=\u00bbon\u00bb button_bg_color=\u00bb#ff9c5c\u00bb button_border_color=\u00bb#ff9c5c\u00bb button_letter_spacing=\u00bb1px\u00bb button_use_icon=\u00bboff\u00bb background_layout=\u00bblight\u00bb width_tablet=\u00bb\u00bb width_phone=\u00bb\u00bb width_last_edited=\u00bbon|desktop\u00bb module_alignment=\u00bbcenter\u00bb custom_margin=\u00bb0px||||false|false\u00bb custom_css_newsletter_description=\u00bbdisplay:none;\u00bb border_width_all_fields=\u00bb1px\u00bb border_color_all_fields=\u00bb#d3d3d3&#8243; button_bg_color__hover_enabled=\u00bbon|hover\u00bb button_bg_color__hover=\u00bb#757575&#8243; button_bg_enable_color__hover=\u00bbon\u00bb button_border_color__hover_enabled=\u00bbon|hover\u00bb button_border_color__hover=\u00bb#757575&#8243; button_letter_spacing__hover_enabled=\u00bbon|hover\u00bb][\/et_pb_signup][\/et_pb_column][\/et_pb_row][\/et_pb_section]<\/p>\n","protected":false},"excerpt":{"rendered":"<p>GU\u00cdA GRATUITA DE 8 P\u00c1GINAS Las 5 cosas que DEBES hacer cuando contraigas la gripe para estar sano y activo Suscr\u00edbete a continuaci\u00f3n para que t\u00fa y tu familia est\u00e9is preparados, os manteng\u00e1is sanos y activos incluso cuando llegue la gripe.<\/p>\n","protected":false},"author":2,"featured_media":0,"parent":0,"menu_order":0,"comment_status":"closed","ping_status":"closed","template":"","meta":{"_et_pb_use_builder":"on","_et_pb_old_content":"","_et_gb_content_width":"","_exactmetrics_skip_tracking":false,"_exactmetrics_sitenote_active":false,"_exactmetrics_sitenote_note":"","_exactmetrics_sitenote_category":0,"footnotes":""},"yoast_head":"<!-- This site is optimized with the Yoast SEO plugin v22.7 - https:\/\/yoast.com\/wordpress\/plugins\/seo\/ -->\n<title>Blog - Coachella Valley Direct Primary Care<\/title>\n<meta name=\"robots\" content=\"index, follow, max-snippet:-1, max-image-preview:large, max-video-preview:-1\" \/>\n<link rel=\"canonical\" href=\"https:\/\/coachellavalleydpc.com\/es\/blog\/\" \/>\n<meta property=\"og:locale\" content=\"es_ES\" \/>\n<meta property=\"og:type\" content=\"article\" \/>\n<meta property=\"og:title\" content=\"Blog - Coachella Valley Direct Primary Care\" \/>\n<meta property=\"og:description\" content=\"GU\u00cdA GRATUITA DE 8 P\u00c1GINAS Las 5 cosas que DEBES hacer cuando contraigas la gripe para estar sano y activo Suscr\u00edbete a continuaci\u00f3n para que t\u00fa y tu familia est\u00e9is preparados, os manteng\u00e1is sanos y activos incluso cuando llegue la gripe.\" \/>\n<meta property=\"og:url\" content=\"https:\/\/coachellavalleydpc.com\/es\/blog\/\" \/>\n<meta property=\"og:site_name\" content=\"Coachella Valley Direct Primary Care\" \/>\n<meta property=\"article:modified_time\" content=\"2025-02-16T10:58:00+00:00\" \/>\n<meta name=\"twitter:card\" content=\"summary_large_image\" \/>\n<meta name=\"twitter:label1\" content=\"Tiempo de lectura\" \/>\n\t<meta name=\"twitter:data1\" content=\"3 minutos\" \/>\n<!-- \/ Yoast SEO plugin. -->","yoast_head_json":{"title":"Blog - Coachella Valley Direct Primary Care","robots":{"index":"index","follow":"follow","max-snippet":"max-snippet:-1","max-image-preview":"max-image-preview:large","max-video-preview":"max-video-preview:-1"},"canonical":"https:\/\/coachellavalleydpc.com\/es\/blog\/","og_locale":"es_ES","og_type":"article","og_title":"Blog - Coachella Valley Direct Primary Care","og_description":"GU\u00cdA GRATUITA DE 8 P\u00c1GINAS Las 5 cosas que DEBES hacer cuando contraigas la gripe para estar sano y activo Suscr\u00edbete a continuaci\u00f3n para que t\u00fa y tu familia est\u00e9is preparados, os manteng\u00e1is sanos y activos incluso cuando llegue la gripe.","og_url":"https:\/\/coachellavalleydpc.com\/es\/blog\/","og_site_name":"Coachella Valley Direct Primary Care","article_modified_time":"2025-02-16T10:58:00+00:00","twitter_card":"summary_large_image","twitter_misc":{"Tiempo de lectura":"3 minutos"},"schema":{"@context":"https:\/\/schema.org","@graph":[{"@type":"WebPage","@id":"https:\/\/coachellavalleydpc.com\/es\/blog\/","url":"https:\/\/coachellavalleydpc.com\/es\/blog\/","name":"Blog - Coachella Valley Direct Primary Care","isPartOf":{"@id":"https:\/\/coachellavalleydpc.com\/#website"},"datePublished":"2019-08-30T16:15:53+00:00","dateModified":"2025-02-16T10:58:00+00:00","breadcrumb":{"@id":"https:\/\/coachellavalleydpc.com\/es\/blog\/#breadcrumb"},"inLanguage":"es","potentialAction":[{"@type":"ReadAction","target":["https:\/\/coachellavalleydpc.com\/es\/blog\/"]}]},{"@type":"BreadcrumbList","@id":"https:\/\/coachellavalleydpc.com\/es\/blog\/#breadcrumb","itemListElement":[{"@type":"ListItem","position":1,"name":"Home","item":"https:\/\/coachellavalleydpc.com\/es\/inicio\/"},{"@type":"ListItem","position":2,"name":"Blog"}]},{"@type":"WebSite","@id":"https:\/\/coachellavalleydpc.com\/#website","url":"https:\/\/coachellavalleydpc.com\/","name":"Coachella Valley Direct Primary Care","description":"Frustration-Free Health Care","publisher":{"@id":"https:\/\/coachellavalleydpc.com\/#organization"},"potentialAction":[{"@type":"SearchAction","target":{"@type":"EntryPoint","urlTemplate":"https:\/\/coachellavalleydpc.com\/?s={search_term_string}"},"query-input":"required name=search_term_string"}],"inLanguage":"es"},{"@type":"Organization","@id":"https:\/\/coachellavalleydpc.com\/#organization","name":"Coachella Valley Direct Primary Care","url":"https:\/\/coachellavalleydpc.com\/","logo":{"@type":"ImageObject","inLanguage":"es","@id":"https:\/\/coachellavalleydpc.com\/#\/schema\/logo\/image\/","url":"https:\/\/coachellavalleydpc.com\/wp-content\/uploads\/2019\/08\/coachella-logo-e1567181525673.png","contentUrl":"https:\/\/coachellavalleydpc.com\/wp-content\/uploads\/2019\/08\/coachella-logo-e1567181525673.png","width":250,"height":133,"caption":"Coachella Valley Direct Primary Care"},"image":{"@id":"https:\/\/coachellavalleydpc.com\/#\/schema\/logo\/image\/"}}]}},"_links":{"self":[{"href":"https:\/\/coachellavalleydpc.com\/es\/wp-json\/wp\/v2\/pages\/3099"}],"collection":[{"href":"https:\/\/coachellavalleydpc.com\/es\/wp-json\/wp\/v2\/pages"}],"about":[{"href":"https:\/\/coachellavalleydpc.com\/es\/wp-json\/wp\/v2\/types\/page"}],"author":[{"embeddable":true,"href":"https:\/\/coachellavalleydpc.com\/es\/wp-json\/wp\/v2\/users\/2"}],"replies":[{"embeddable":true,"href":"https:\/\/coachellavalleydpc.com\/es\/wp-json\/wp\/v2\/comments?post=3099"}],"version-history":[{"count":2,"href":"https:\/\/coachellavalleydpc.com\/es\/wp-json\/wp\/v2\/pages\/3099\/revisions"}],"predecessor-version":[{"id":3101,"href":"https:\/\/coachellavalleydpc.com\/es\/wp-json\/wp\/v2\/pages\/3099\/revisions\/3101"}],"wp:attachment":[{"href":"https:\/\/coachellavalleydpc.com\/es\/wp-json\/wp\/v2\/media?parent=3099"}],"curies":[{"name":"wp","href":"https:\/\/api.w.org\/{rel}","templated":true}]}}