{"id":3096,"date":"2024-07-20T06:26:46","date_gmt":"2024-07-20T06:26:46","guid":{"rendered":"https:\/\/coachellavalleydpc.com\/charla-de-ninos-pequenos\/"},"modified":"2025-02-16T10:57:21","modified_gmt":"2025-02-16T10:57:21","slug":"charla-de-ninos-pequenos","status":"publish","type":"page","link":"https:\/\/coachellavalleydpc.com\/es\/charla-de-ninos-pequenos\/","title":{"rendered":"Charla de ni\u00f1os peque\u00f1os"},"content":{"rendered":"<p>[et_pb_section fb_built=\u00bb1&#8243; admin_label=\u00bbHeader\u00bb _builder_version=\u00bb4.25.1&#8243; _module_preset=\u00bbfa7ffccd-0c7a-4daa-8a1a-444dda40eb40&#8243; background_color=\u00bb#FF9C5C\u00bb background_color_gradient_stops=\u00bbgcid-d119accd-44d7-4f2f-b9d7-599c8463324b 0%|rgba(255,255,255,0) 25%|rgba(7,33,48,0.6) 76%|#072130 100%\u00bb collapsed=\u00bbon\u00bb global_colors_info=\u00bb{%22gcid-1f1bf5fb-a99d-4acc-8d9e-ddac074c158c%22:%91%22background_color_gradient_stops%22,%22background_color_gradient_stops%22%93,%22gcid-4c79ba3d-a281-4fb6-9b14-02f9a4c793f2%22:%91%22background_color_gradient_stops%22,%22background_color_gradient_stops%22%93,%22gcid-688c464a-d6f2-4296-b592-395352c71c79%22:%91%22background_color_gradient_stops%22,%22background_color_gradient_stops%22%93,%22gcid-d119accd-44d7-4f2f-b9d7-599c8463324b%22:%91%22background_color_gradient_stops%22,%22background_color_gradient_stops%22%93}\u00bb][et_pb_row _builder_version=\u00bb4.25.1&#8243; _module_preset=\u00bbdefault\u00bb global_colors_info=\u00bb{}\u00bb][et_pb_column type=\u00bb4_4&#8243; _builder_version=\u00bb4.25.1&#8243; _module_preset=\u00bbdefault\u00bb global_colors_info=\u00bb{}\u00bb][et_pb_heading title=\u00bbCHARLA PARA NI\u00d1OS PEQUE\u00d1OS\u00bb _builder_version=\u00bb4.25.2&#8243; _module_preset=\u00bbfe510c45-db7e-4e01-9400-9ca0ca0fac02&#8243; title_text_align=\u00bbcenter\u00bb custom_margin=\u00bb||10px||false|false\u00bb global_colors_info=\u00bb{}\u00bb][\/et_pb_heading][\/et_pb_column][\/et_pb_row][\/et_pb_section][et_pb_section fb_built=\u00bb1&#8243; admin_label=\u00bbCall to Action\u00bb _builder_version=\u00bb4.25.1&#8243; _module_preset=\u00bb72e8d984-c1f9-44e8-b7a2-652294fd125c\u00bb background_enable_color=\u00bboff\u00bb background_image=\u00bbhttps:\/\/coachellavalleydpc.com\/wp-content\/uploads\/2024\/07\/Dr.-Krista-Burris-Full-Shot-scaled.jpg\u00bb custom_margin=\u00bb||||false\u00bb custom_padding=\u00bb0vw||8vw||false|false\u00bb collapsed=\u00bbon\u00bb][et_pb_row column_structure=\u00bb1_2,1_2&#8243; _builder_version=\u00bb4.25.1&#8243; _module_preset=\u00bbdefault\u00bb global_colors_info=\u00bb{}\u00bb][et_pb_column type=\u00bb1_2&#8243; _builder_version=\u00bb4.25.1&#8243; _module_preset=\u00bbdefault\u00bb global_colors_info=\u00bb{}\u00bb][\/et_pb_column][et_pb_column type=\u00bb1_2&#8243; _builder_version=\u00bb4.25.1&#8243; _module_preset=\u00bb2c723edf-949c-4290-bfa7-5d878b1f76e7&#8243; background_color=\u00bb#FF9C5C\u00bb global_colors_info=\u00bb{}\u00bb][et_pb_heading title=\u00bbDra. Krista Burris\u00bb _builder_version=\u00bb4.25.1&#8243; _module_preset=\u00bb00e342cd-3397-45c7-b59a-d363f79f8d5b\u00bb title_text_align=\u00bbcenter\u00bb title_text_color=\u00bb#FFFFFF\u00bb custom_margin=\u00bb||10px||false|false\u00bb global_colors_info=\u00bb{}\u00bb][\/et_pb_heading][et_pb_text _builder_version=\u00bb4.25.1&#8243; _module_preset=\u00bb97bc9bb0-f121-4e58-afa0-8c800149d25b\u00bb text_orientation=\u00bbcenter\u00bb]<\/p>\n<div class=\"welcome\">\n<p>\u00bfAlguna vez has deseado que tus hijos llegaran con una gu\u00eda? Hay tantas preguntas que se hacen los padres y tantas opiniones que te bombardean desde todas direcciones que es f\u00e1cil sentirse perdido y abrumado. \u00danete a la Dra. Krista mientras comparte consejos y \u00e1nimos para afrontar los problemas habituales de los ni\u00f1os peque\u00f1os sin sentirse derrotado o ansioso por adoptar el enfoque correcto. Como pediatra titulada y madre de 3 adolescentes y adultos j\u00f3venes, la Dra. Krista aporta la experiencia de la vida real a las recomendaciones dadas por los especialistas en desarrollo infantil.<\/p>\n<\/div>\n<div class=\"videos\"><\/div>\n<p>[\/et_pb_text][\/et_pb_column][\/et_pb_row][\/et_pb_section][et_pb_section fb_built=\u00bb1&#8243; admin_label=\u00bbOur Mission\u00bb _builder_version=\u00bb4.25.2&#8243; _module_preset=\u00bb00591dd5-338e-424d-8241-8929377d5625&#8243; custom_margin=\u00bb||||false\u00bb custom_padding=\u00bb5vw||5vw||true|false\u00bb collapsed=\u00bbon\u00bb global_colors_info=\u00bb{}\u00bb][et_pb_row _builder_version=\u00bb4.25.1&#8243; _module_preset=\u00bbdefault\u00bb max_width=\u00bb900px\u00bb global_colors_info=\u00bb{}\u00bb][et_pb_column type=\u00bb4_4&#8243; _builder_version=\u00bb4.25.1&#8243; _module_preset=\u00bbdefault\u00bb global_colors_info=\u00bb{}\u00bb][et_pb_heading title=\u00bbNuestros \u00faltimos v\u00eddeos\u00bb _builder_version=\u00bb4.25.1&#8243; _module_preset=\u00bb8f036fa3-f540-4b00-9f53-908d30cbce6d\u00bb title_text_align=\u00bbcenter\u00bb title_text_color=\u00bbgcid-4c79ba3d-a281-4fb6-9b14-02f9a4c793f2&#8243; global_colors_info=\u00bb{%22gcid-4c79ba3d-a281-4fb6-9b14-02f9a4c793f2%22:%91%22title_text_color%22%93}\u00bb][\/et_pb_heading][\/et_pb_column][\/et_pb_row][et_pb_row _builder_version=\u00bb4.25.1&#8243; _module_preset=\u00bbdefault\u00bb global_colors_info=\u00bb{}\u00bb][et_pb_column type=\u00bb4_4&#8243; _builder_version=\u00bb4.25.1&#8243; _module_preset=\u00bbdefault\u00bb global_colors_info=\u00bb{}\u00bb][et_pb_video_slider _builder_version=\u00bb4.25.1&#8243; _module_preset=\u00bbdefault\u00bb global_colors_info=\u00bb{}\u00bb][et_pb_video_slider_item src=\u00bbhttps:\/\/youtu.be\/_nM_w594HqA\u00bb _builder_version=\u00bb4.25.1&#8243; _module_preset=\u00bbdefault\u00bb global_colors_info=\u00bb{}\u00bb show_image_overlay=\u00bboff\u00bb][\/et_pb_video_slider_item][\/et_pb_video_slider][\/et_pb_column][\/et_pb_row][\/et_pb_section][et_pb_section fb_built=\u00bb1&#8243; admin_label=\u00bbPrograms\u00bb _builder_version=\u00bb4.25.1&#8243; _module_preset=\u00bb72e8d984-c1f9-44e8-b7a2-652294fd125c\u00bb collapsed=\u00bbon\u00bb][et_pb_row _builder_version=\u00bb4.25.1&#8243; _module_preset=\u00bbdefault\u00bb global_colors_info=\u00bb{}\u00bb][et_pb_column type=\u00bb4_4&#8243; _builder_version=\u00bb4.25.1&#8243; _module_preset=\u00bbdefault\u00bb global_colors_info=\u00bb{}\u00bb][et_pb_heading title=\u00bbProgramas\u00bb _builder_version=\u00bb4.25.2&#8243; _module_preset=\u00bb8f036fa3-f540-4b00-9f53-908d30cbce6d\u00bb title_text_color=\u00bbgcid-1f1b4e15-7cc6-4e13-8154-74d77a956460&#8243; custom_margin=\u00bb||0px||false|false\u00bb global_colors_info=\u00bb{%22gcid-1f1b4e15-7cc6-4e13-8154-74d77a956460%22:%91%22title_text_color%22%93}\u00bb][\/et_pb_heading][et_pb_heading title=\u00bbMomentos del ni\u00f1o peque\u00f1o\u00bb _builder_version=\u00bb4.25.2&#8243; _module_preset=\u00bb4fb34f6a-863d-4276-a032-893a16f6f9a0&#8243; global_colors_info=\u00bb{}\u00bb][\/et_pb_heading][\/et_pb_column][\/et_pb_row][et_pb_row column_structure=\u00bb1_3,1_3,1_3&#8243; _builder_version=\u00bb4.25.1&#8243; _module_preset=\u00bbdefault\u00bb global_colors_info=\u00bb{}\u00bb][et_pb_column type=\u00bb1_3&#8243; _builder_version=\u00bb4.25.1&#8243; _module_preset=\u00bbdefault\u00bb global_colors_info=\u00bb{}\u00bb][et_pb_image src=\u00bbhttps:\/\/coachellavalleydpc.com\/wp-content\/uploads\/2024\/07\/Mother-gives-fruit-and-berries-to-baby-2057999-scaled.jpg\u00bb title_text=\u00bbMother-gives-fruit-and-berries-to-baby-2057999&#8243; _builder_version=\u00bb4.25.1&#8243; _module_preset=\u00bb37e55f4f-b08f-463e-a613-49c23d07a605&#8243; custom_margin=\u00bb||||false|false\u00bb global_colors_info=\u00bb{}\u00bb][\/et_pb_image][et_pb_heading title=\u00bbComer como un ni\u00f1o peque\u00f1o\u00bb _builder_version=\u00bb4.25.1&#8243; _module_preset=\u00bbfc136eeb-5b88-4ebf-aced-a8976a47eefb\u00bb custom_margin=\u00bb||0px||false|false\u00bb global_colors_info=\u00bb{}\u00bb][\/et_pb_heading][et_pb_text _builder_version=\u00bb4.25.1&#8243; _module_preset=\u00bbde103744-e848-432c-be2e-70a27de64a98&#8243; custom_margin=\u00bb||10px||false|false\u00bb global_colors_info=\u00bb{}\u00bb]<\/p>\n<p>\u00a1Disfrutando de una comida con una gran sonrisa!<\/p>\n<p>[\/et_pb_text][\/et_pb_column][et_pb_column type=\u00bb1_3&#8243; _builder_version=\u00bb4.25.1&#8243; _module_preset=\u00bbdefault\u00bb global_colors_info=\u00bb{}\u00bb][et_pb_image src=\u00bbhttps:\/\/coachellavalleydpc.com\/wp-content\/uploads\/2024\/07\/I-want-it-now-378543-scaled.jpg\u00bb title_text=\u00bblo-quiero-ahora-378543&#8243; _builder_version=\u00bb4.25.1&#8243; _module_preset=\u00bb37e55f4f-b08f-463e-a613-49c23d07a605&#8243; custom_margin=\u00bb||||false|false\u00bb hover_enabled=\u00bb0&#8243; global_colors_info=\u00bb{}\u00bb sticky_enabled=\u00bb0&#8243;][\/et_pb_image][et_pb_heading title=\u00bbRabieta del ni\u00f1o peque\u00f1o\u00bb _builder_version=\u00bb4.25.1&#8243; _module_preset=\u00bbfc136eeb-5b88-4ebf-aced-a8976a47eefb\u00bb custom_margin=\u00bb||0px||false|false\u00bb global_colors_info=\u00bb{}\u00bb][\/et_pb_heading][et_pb_text _builder_version=\u00bb4.25.1&#8243; _module_preset=\u00bbde103744-e848-432c-be2e-70a27de64a98&#8243; custom_margin=\u00bb||10px||false|false\u00bb global_colors_info=\u00bb{}\u00bb]<\/p>\n<p>Experimentar un momento de rabieta com\u00fan.<\/p>\n<p>[\/et_pb_text][\/et_pb_column][et_pb_column type=\u00bb1_3&#8243; _builder_version=\u00bb4.25.1&#8243; _module_preset=\u00bbdefault\u00bb global_colors_info=\u00bb{}\u00bb][et_pb_image src=\u00bbhttps:\/\/coachellavalleydpc.com\/wp-content\/uploads\/2024\/07\/Playtime-537995-scaled.jpg\u00bb title_text=\u00bbTiempo de juego-537995&#8243; _builder_version=\u00bb4.25.1&#8243; _module_preset=\u00bb37e55f4f-b08f-463e-a613-49c23d07a605&#8243; custom_margin=\u00bb||||false|false\u00bb hover_enabled=\u00bb0&#8243; global_colors_info=\u00bb{}\u00bb sticky_enabled=\u00bb0&#8243;][\/et_pb_image][et_pb_heading title=\u00bbNi\u00f1o jugando\u00bb _builder_version=\u00bb4.25.1&#8243; _module_preset=\u00bbfc136eeb-5b88-4ebf-aced-a8976a47eefb\u00bb custom_margin=\u00bb||0px||false|false\u00bb global_colors_info=\u00bb{}\u00bb][\/et_pb_heading][et_pb_text _builder_version=\u00bb4.25.1&#8243; _module_preset=\u00bbde103744-e848-432c-be2e-70a27de64a98&#8243; custom_margin=\u00bb||10px||false|false\u00bb global_colors_info=\u00bb{}\u00bb]<\/p>\n<p>Divi\u00e9rtete con juguetes y juegos.<\/p>\n<p>[\/et_pb_text][\/et_pb_column][\/et_pb_row][\/et_pb_section]<\/p>\n","protected":false},"excerpt":{"rendered":"<p>\u00bfAlguna vez has deseado que tus hijos llegaran con una gu\u00eda? Hay tantas preguntas que se hacen los padres y tantas opiniones que te bombardean desde todas direcciones que es f\u00e1cil sentirse perdido y abrumado. \u00danete a la Dra. Krista mientras comparte consejos y \u00e1nimos para afrontar los problemas habituales de los ni\u00f1os peque\u00f1os sin [&hellip;]<\/p>\n","protected":false},"author":3,"featured_media":0,"parent":0,"menu_order":0,"comment_status":"closed","ping_status":"closed","template":"","meta":{"_et_pb_use_builder":"on","_et_pb_old_content":"","_et_gb_content_width":"","_exactmetrics_skip_tracking":false,"_exactmetrics_sitenote_active":false,"_exactmetrics_sitenote_note":"","_exactmetrics_sitenote_category":0,"footnotes":""},"yoast_head":"<!-- This site is optimized with the Yoast SEO plugin v22.7 - https:\/\/yoast.com\/wordpress\/plugins\/seo\/ -->\n<title>Charla de ni\u00f1os peque\u00f1os - Coachella Valley Direct Primary Care<\/title>\n<meta name=\"robots\" content=\"index, follow, max-snippet:-1, max-image-preview:large, max-video-preview:-1\" \/>\n<link rel=\"canonical\" href=\"https:\/\/coachellavalleydpc.com\/es\/charla-de-ninos-pequenos\/\" \/>\n<meta property=\"og:locale\" content=\"es_ES\" \/>\n<meta property=\"og:type\" content=\"article\" \/>\n<meta property=\"og:title\" content=\"Charla de ni\u00f1os peque\u00f1os - Coachella Valley Direct Primary Care\" \/>\n<meta property=\"og:description\" content=\"\u00bfAlguna vez has deseado que tus hijos llegaran con una gu\u00eda? Hay tantas preguntas que se hacen los padres y tantas opiniones que te bombardean desde todas direcciones que es f\u00e1cil sentirse perdido y abrumado. \u00danete a la Dra. Krista mientras comparte consejos y \u00e1nimos para afrontar los problemas habituales de los ni\u00f1os peque\u00f1os sin [&hellip;]\" \/>\n<meta property=\"og:url\" content=\"https:\/\/coachellavalleydpc.com\/es\/charla-de-ninos-pequenos\/\" \/>\n<meta property=\"og:site_name\" content=\"Coachella Valley Direct Primary Care\" \/>\n<meta property=\"article:modified_time\" content=\"2025-02-16T10:57:21+00:00\" \/>\n<meta name=\"twitter:card\" content=\"summary_large_image\" \/>\n<meta name=\"twitter:label1\" content=\"Tiempo de lectura\" \/>\n\t<meta name=\"twitter:data1\" content=\"6 minutos\" \/>\n<!-- \/ Yoast SEO plugin. -->","yoast_head_json":{"title":"Charla de ni\u00f1os peque\u00f1os - Coachella Valley Direct Primary Care","robots":{"index":"index","follow":"follow","max-snippet":"max-snippet:-1","max-image-preview":"max-image-preview:large","max-video-preview":"max-video-preview:-1"},"canonical":"https:\/\/coachellavalleydpc.com\/es\/charla-de-ninos-pequenos\/","og_locale":"es_ES","og_type":"article","og_title":"Charla de ni\u00f1os peque\u00f1os - Coachella Valley Direct Primary Care","og_description":"\u00bfAlguna vez has deseado que tus hijos llegaran con una gu\u00eda? Hay tantas preguntas que se hacen los padres y tantas opiniones que te bombardean desde todas direcciones que es f\u00e1cil sentirse perdido y abrumado. \u00danete a la Dra. Krista mientras comparte consejos y \u00e1nimos para afrontar los problemas habituales de los ni\u00f1os peque\u00f1os sin [&hellip;]","og_url":"https:\/\/coachellavalleydpc.com\/es\/charla-de-ninos-pequenos\/","og_site_name":"Coachella Valley Direct Primary Care","article_modified_time":"2025-02-16T10:57:21+00:00","twitter_card":"summary_large_image","twitter_misc":{"Tiempo de lectura":"6 minutos"},"schema":{"@context":"https:\/\/schema.org","@graph":[{"@type":"WebPage","@id":"https:\/\/coachellavalleydpc.com\/es\/charla-de-ninos-pequenos\/","url":"https:\/\/coachellavalleydpc.com\/es\/charla-de-ninos-pequenos\/","name":"Charla de ni\u00f1os peque\u00f1os - Coachella Valley Direct Primary Care","isPartOf":{"@id":"https:\/\/coachellavalleydpc.com\/#website"},"datePublished":"2024-07-20T06:26:46+00:00","dateModified":"2025-02-16T10:57:21+00:00","breadcrumb":{"@id":"https:\/\/coachellavalleydpc.com\/es\/charla-de-ninos-pequenos\/#breadcrumb"},"inLanguage":"es","potentialAction":[{"@type":"ReadAction","target":["https:\/\/coachellavalleydpc.com\/es\/charla-de-ninos-pequenos\/"]}]},{"@type":"BreadcrumbList","@id":"https:\/\/coachellavalleydpc.com\/es\/charla-de-ninos-pequenos\/#breadcrumb","itemListElement":[{"@type":"ListItem","position":1,"name":"Home","item":"https:\/\/coachellavalleydpc.com\/es\/inicio\/"},{"@type":"ListItem","position":2,"name":"Charla de ni\u00f1os peque\u00f1os"}]},{"@type":"WebSite","@id":"https:\/\/coachellavalleydpc.com\/#website","url":"https:\/\/coachellavalleydpc.com\/","name":"Coachella Valley Direct Primary Care","description":"Frustration-Free Health Care","publisher":{"@id":"https:\/\/coachellavalleydpc.com\/#organization"},"potentialAction":[{"@type":"SearchAction","target":{"@type":"EntryPoint","urlTemplate":"https:\/\/coachellavalleydpc.com\/?s={search_term_string}"},"query-input":"required name=search_term_string"}],"inLanguage":"es"},{"@type":"Organization","@id":"https:\/\/coachellavalleydpc.com\/#organization","name":"Coachella Valley Direct Primary Care","url":"https:\/\/coachellavalleydpc.com\/","logo":{"@type":"ImageObject","inLanguage":"es","@id":"https:\/\/coachellavalleydpc.com\/#\/schema\/logo\/image\/","url":"https:\/\/coachellavalleydpc.com\/wp-content\/uploads\/2019\/08\/coachella-logo-e1567181525673.png","contentUrl":"https:\/\/coachellavalleydpc.com\/wp-content\/uploads\/2019\/08\/coachella-logo-e1567181525673.png","width":250,"height":133,"caption":"Coachella Valley Direct Primary Care"},"image":{"@id":"https:\/\/coachellavalleydpc.com\/#\/schema\/logo\/image\/"}}]}},"_links":{"self":[{"href":"https:\/\/coachellavalleydpc.com\/es\/wp-json\/wp\/v2\/pages\/3096"}],"collection":[{"href":"https:\/\/coachellavalleydpc.com\/es\/wp-json\/wp\/v2\/pages"}],"about":[{"href":"https:\/\/coachellavalleydpc.com\/es\/wp-json\/wp\/v2\/types\/page"}],"author":[{"embeddable":true,"href":"https:\/\/coachellavalleydpc.com\/es\/wp-json\/wp\/v2\/users\/3"}],"replies":[{"embeddable":true,"href":"https:\/\/coachellavalleydpc.com\/es\/wp-json\/wp\/v2\/comments?post=3096"}],"version-history":[{"count":2,"href":"https:\/\/coachellavalleydpc.com\/es\/wp-json\/wp\/v2\/pages\/3096\/revisions"}],"predecessor-version":[{"id":3098,"href":"https:\/\/coachellavalleydpc.com\/es\/wp-json\/wp\/v2\/pages\/3096\/revisions\/3098"}],"wp:attachment":[{"href":"https:\/\/coachellavalleydpc.com\/es\/wp-json\/wp\/v2\/media?parent=3096"}],"curies":[{"name":"wp","href":"https:\/\/api.w.org\/{rel}","templated":true}]}}