{"id":3091,"date":"2019-08-30T16:15:08","date_gmt":"2019-08-30T16:15:08","guid":{"rendered":"https:\/\/coachellavalleydpc.com\/nuestro-equipo\/"},"modified":"2025-02-16T10:56:21","modified_gmt":"2025-02-16T10:56:21","slug":"nuestro-equipo","status":"publish","type":"page","link":"https:\/\/coachellavalleydpc.com\/es\/nuestro-equipo\/","title":{"rendered":"Nuestro equipo"},"content":{"rendered":"\n\n\t\t\t\t<img fetchpriority=\"high\" fetchpriority=\"high\" decoding=\"async\" src=\"https:\/\/coachellavalleydpc.com\/wp-content\/uploads\/2022\/06\/CVDPC-Our-Team-3.png\" alt=\"CVDPC Nuestro equipo 3\" itemprop=\"image\" height=\"500\" width=\"1280\" title=\"CVDPC Nuestro equipo 3\" onerror=\"this.style.display='none'\">\n\t<iframe width=\"560\" height=\"315\" src=\"https:\/\/www.youtube.com\/embed\/GgFvWy_gCMo\" title=\"Reproductor de v\u00eddeo de YouTube\" frameborder=\"0\" allow=\"accelerometer; autoplay; clipboard-write; encrypted-media; gyroscope; picture-in-picture\" allowfullscreen=\"\"><\/iframe>\n\t<iframe width=\"560\" height=\"315\" src=\"https:\/\/www.youtube.com\/embed\/dAG4sXZTQ2g\" title=\"Reproductor de v\u00eddeo de YouTube\" frameborder=\"0\" allow=\"accelerometer; autoplay; clipboard-write; encrypted-media; gyroscope; picture-in-picture\" allowfullscreen=\"\"><\/iframe>\n\t\t\t\t<img decoding=\"async\" src=\"https:\/\/coachellavalleydpc.com\/wp-content\/plugins\/bb-plugin\/img\/pixel.png\" alt=\"\" itemprop=\"image\" onerror=\"this.style.display='none'\">\n\t<p>[et_pb_section fb_built=\u00bb1&#8243; fullwidth=\u00bbon\u00bb _builder_version=\u00bb3.27.4&#8243; background_image=\u00bbhttps:\/\/coachellavalleydpc.com\/wp-content\/uploads\/2019\/08\/coachella-valley-primary-care-home-hero_optimized.jpg\u00bb][et_pb_fullwidth_header title=\u00bbNuestro equipo\u00bb subhead=\u00bbM\u00e1s informaci\u00f3n sobre Coachella Valley Direct Primary Care\u00bb text_orientation=\u00bbcenter\u00bb background_overlay_color=\u00bbrgba(0,0,0,0.44)\u00bb _builder_version=\u00bb3.27.4&#8243; title_font_size=\u00bb55px\u00bb subhead_font_size=\u00bb24px\u00bb subhead_line_height=\u00bb1.2em\u00bb background_enable_color=\u00bboff\u00bb custom_button_two=\u00bbon\u00bb button_two_text_size=\u00bb17px\u00bb button_two_bg_color=\u00bbrgba(0,0,0,0.16)\u00bb button_two_border_width=\u00bb3px\u00bb button_two_border_color=\u00bb#ffffff\u00bb button_two_use_icon=\u00bboff\u00bb width=\u00bb100%\u00bb height_tablet=\u00bb\u00bb height_phone=\u00bb\u00bb height_last_edited=\u00bbon|desktop\u00bb custom_padding=\u00bb8%|0px|8%|0px|true|false\u00bb custom_padding_tablet=\u00bb10%||10%||true|false\u00bb custom_padding_phone=\u00bb8%||8%||true|false\u00bb custom_padding_last_edited=\u00bbon|phone\u00bb title_font_size_tablet=\u00bb\u00bb title_font_size_phone=\u00bb41px\u00bb title_font_size_last_edited=\u00bbon|phone\u00bb subhead_font_size_tablet=\u00bb\u00bb subhead_font_size_phone=\u00bb20px\u00bb subhead_font_size_last_edited=\u00bbon|phone\u00bb subhead_line_height_tablet=\u00bb\u00bb subhead_line_height_phone=\u00bb1.4em\u00bb subhead_line_height_last_edited=\u00bbon|phone\u00bb custom_css_title=\u00bbmargin-bottom:15px;\u00bb custom_css_content=\u00bbfont-family: &#8216;Gotham Book&#8217; !important;\u00bb custom_css_subtitle=\u00bbfont-family: &#8216;Gotham Book&#8217; !important;\u00bb title_text_shadow_style=\u00bbpreset3&#8243; subhead_text_shadow_style=\u00bbpreset3&#8243; subhead_text_shadow_color=\u00bbrgba(0,0,0,0.62)\u00bb][\/et_pb_fullwidth_header][\/et_pb_section][et_pb_section fb_built=\u00bb1&#8243; disabled_on=\u00bboff|off|off\u00bb module_id=\u00bbequipo_desktop\u00bb _builder_version=\u00bb4.0.6&#8243; custom_padding=\u00bb||7px|||\u00bb hover_enabled=\u00bb0&#8243;][et_pb_row column_structure=\u00bb2_5,3_5&#8243; use_custom_gutter=\u00bbon\u00bb gutter_width=\u00bb4&#8243; make_equal=\u00bbon\u00bb _builder_version=\u00bb3.29.3&#8243;][et_pb_column type=\u00bb2_5&#8243; _builder_version=\u00bb3.29.3&#8243;][et_pb_image src=\u00bbhttps:\/\/coachellavalleydpc.com\/wp-content\/uploads\/2019\/10\/our-team-coachella-valley-direct-primary-care.jpg\u00bb alt=\u00bbDra. Krista y Dr. Mike de Atenci\u00f3n Primaria Directa del Valle de Coachella\u00bb align=\u00bbcenter\u00bb disabled_on=\u00bboff|off|off\u00bb _builder_version=\u00bb4.0.6&#8243; width_tablet=\u00bb60%\u00bb width_phone=\u00bb100%\u00bb width_last_edited=\u00bbon|phone\u00bb module_alignment=\u00bbcenter\u00bb custom_margin_tablet=\u00bb0px||||false|false\u00bb custom_margin_phone=\u00bb\u00bb custom_margin_last_edited=\u00bbon|tablet\u00bb hover_enabled=\u00bb0&#8243;][\/et_pb_image][\/et_pb_column][et_pb_column type=\u00bb3_5&#8243; module_class=\u00bbds-vertical-align\u00bb _builder_version=\u00bb3.29.3&#8243;][et_pb_text _builder_version=\u00bb3.29.3&#8243;]<\/p>\n<h2>Asistencia sanitaria sin frustraciones para toda la familia<\/h2>\n<p>[\/et_pb_text][et_pb_text _builder_version=\u00bb3.29.3&#8243;]<\/p>\n<p>En <a href=\"https:\/\/coachellavalleydpc.com\/es\/\">Atenci\u00f3n Primaria Directa del Valle de Coachella<\/a>, sabemos que quieres la mejor asistencia sanitaria posible para ti y tu familia sin sentirte agobiado por el coste. Sin embargo, el sistema sanitario actual funciona por el bien de los beneficios, no de los pacientes. <\/p>\n<p>La Dra. Krista Burris y el Dr. Michael Kim han estado a ambos lados de este defectuoso sistema sanitario. Han luchado a trav\u00e9s de capas de burocracia para conseguir atenci\u00f3n para sus padres ancianos. Sus propios hijos enferman y necesitan tratamiento. Y, como m\u00e9dicos desde hace m\u00e1s de dos d\u00e9cadas, han visto de primera mano la frustraci\u00f3n de sus pacientes.   <\/p>\n<p>Ahora, el Dr. Burris y la Dra. Kim te acercan la atenci\u00f3n primaria directamente a ti, el paciente. Est\u00e1n eliminando el complicado y confuso proceso del seguro. <\/p>\n<p>Si te afilias a Atenci\u00f3n Primaria Directa del Valle de Coachella, podr\u00e1s tomar decisiones basadas en lo que es mejor para ti y tu familia, en lugar de elegir s\u00f3lo lo que cubre el seguro.<\/p>\n<p>No deber\u00edas tener que preocuparte por los copagos cuando tu familia necesita atenci\u00f3n m\u00e9dica. Tu salud merece la atenci\u00f3n personalizada de un m\u00e9dico que se preocupe por ti, no que se vaya corriendo a atender al siguiente paciente. <\/p>\n<p>Lleva una vida m\u00e1s sana porque puedes acceder a los servicios m\u00e9dicos cuando los necesites<\/p>\n<p>[\/et_pb_text][\/et_pb_column][\/et_pb_row][et_pb_row _builder_version=\u00bb3.27.3&#8243;][et_pb_column type=\u00bb4_4&#8243; _builder_version=\u00bb3.27.3&#8243;][et_pb_button button_url=\u00bbhttps:\/\/app.acuityscheduling.com\/schedule.php?owner=18378885&#8243; button_text=\u00bbPrograma una consulta gratuita\u00bb button_alignment=\u00bbcenter\u00bb _builder_version=\u00bb3.29.3&#8243; z_index_tablet=\u00bb500&#8243; button_text_shadow_horizontal_length_tablet=\u00bb0px\u00bb button_text_shadow_vertical_length_tablet=\u00bb0px\u00bb button_text_shadow_blur_strength_tablet=\u00bb1px\u00bb box_shadow_horizontal_tablet=\u00bb0px\u00bb box_shadow_vertical_tablet=\u00bb0px\u00bb box_shadow_blur_tablet=\u00bb40px\u00bb box_shadow_spread_tablet=\u00bb0px\u00bb][\/et_pb_button][\/et_pb_column][\/et_pb_row][\/et_pb_section][et_pb_section fb_built=\u00bb1&#8243; disabled_on=\u00bboff|off|off\u00bb module_id=\u00bbequipo_desktop\u00bb _builder_version=\u00bb4.0.6&#8243; hover_enabled=\u00bb0&#8243;][et_pb_row _builder_version=\u00bb3.27.4&#8243;][et_pb_column type=\u00bb4_4&#8243; _builder_version=\u00bb3.27.4&#8243;][et_pb_text _builder_version=\u00bb3.29.3&#8243; header_2_text_align=\u00bbcenter\u00bb]<\/p>\n<h2>M\u00e9dicos que te conocen de verdad.<\/h2>\n<p>[\/et_pb_text][\/et_pb_column][\/et_pb_row][et_pb_row column_structure=\u00bb1_2,1_2&#8243; use_custom_gutter=\u00bbon\u00bb gutter_width=\u00bb4&#8243; _builder_version=\u00bb3.27.4&#8243;][et_pb_column type=\u00bb1_2&#8243; _builder_version=\u00bb3.27.3&#8243;][et_pb_team_member name=\u00bbDra. Krista Burris\u00bb image_url=\u00bbhttps:\/\/coachellavalleydpc.com\/wp-content\/uploads\/2019\/10\/dr-krista-burris-coachella-valley-direct-primary-care.jpg\u00bb _builder_version=\u00bb3.29.3&#8243; position_text_color=\u00bb#757575&#8243; position_font_size=\u00bb16px\u00bb custom_css_member_image=\u00bbwidth:150px;||margin-bottom:20px !important;\u00bb custom_css_member_position=\u00bbmargin-bottom: 8px;\u00bb border_radii_image=\u00bbon|80px|80px|80px|80px\u00bb]<\/p>\n<p><a href=\"mailto:drkrista@coachellavalleydpc.com\">drkrista@coachellavalleydpc.com<\/a><\/p>\n<p>La Dra. Krista Burris se ha interesado por la salud y la medicina desde que era ni\u00f1a. Despu\u00e9s de la universidad estudi\u00f3 salud p\u00fablica internacional en la Universidad Johns Hopkins y luego fue a la facultad de medicina de Nueva Orleans, en la Universidad Tulane. <\/p>\n<p>Tras hacer la residencia en la Universidad de California en San Diego, ella y su marido, el Dr. Michael Kim, llevan m\u00e1s de una d\u00e9cada ejerciendo en el Valle de Coachella.<\/p>\n<p>Disfruta con sus pacientes, acolchando, nadando y pasando tiempo con su familia.<\/p>\n<p>[\/et_pb_team_member][\/et_pb_column][et_pb_column type=\u00bb1_2&#8243; _builder_version=\u00bb3.27.4&#8243;][et_pb_team_member name=\u00bbDr. Michael Kim\u00bb image_url=\u00bbhttps:\/\/coachellavalleydpc.com\/wp-content\/uploads\/2019\/10\/dr-michael-kim-coachella-valley-direct-primary-care.jpg\u00bb _builder_version=\u00bb3.29.3&#8243; position_text_color=\u00bb#757575&#8243; position_font_size=\u00bb16px\u00bb custom_css_member_image=\u00bbwidth:150px;||margin-bottom:20px !important;\u00bb custom_css_member_position=\u00bbmargin-bottom: 8px;\u00bb border_radii_image=\u00bbon|80px|80px|80px|80px\u00bb]<a href=\"mailto:drmike@coachellavalleydpc.com\">drmike@coachellavalleydpc.com<\/a><\/p>\n<p>El Dr. Michael Kim se licenci\u00f3 en el programa de residencia de medicina familiar y psiquiatr\u00eda de la Universidad de California en San Diego en 2002. Desde entonces, ha disfrutado trabajando con muchas poblaciones de pacientes diferentes: los sin techo de Martha&#8217;s Village and Kitchen, los reclusos de la Prisi\u00f3n Estatal de Calipatria, los residentes del Valle de Coachella mientras era m\u00e9dico del Centro M\u00e9dico Eisenhower. Independientemente del lugar, el Dr. Kim se centra en ayudar a sus pacientes a llevar una vida activa y sana.  <\/p>\n<p>Tambi\u00e9n le gusta jugar al golf, tocar m\u00fasica y salir con su familia.[\/et_pb_team_member][\/et_pb_column][\/et_pb_row][et_pb_row _builder_version=\u00bb3.27.3&#8243;][et_pb_column type=\u00bb4_4&#8243; _builder_version=\u00bb3.27.3&#8243;][et_pb_button button_url=\u00bbhttps:\/\/app.acuityscheduling.com\/schedule.php?owner=18378885&#8243; button_text=\u00bbPrograma una consulta gratuita\u00bb button_alignment=\u00bbcenter\u00bb _builder_version=\u00bb3.29.3&#8243; z_index_tablet=\u00bb500&#8243; button_text_shadow_horizontal_length_tablet=\u00bb0px\u00bb button_text_shadow_vertical_length_tablet=\u00bb0px\u00bb button_text_shadow_blur_strength_tablet=\u00bb1px\u00bb box_shadow_horizontal_tablet=\u00bb0px\u00bb box_shadow_vertical_tablet=\u00bb0px\u00bb box_shadow_blur_tablet=\u00bb40px\u00bb box_shadow_spread_tablet=\u00bb0px\u00bb][\/et_pb_button][\/et_pb_column][\/et_pb_row][\/et_pb_section][et_pb_section fb_built=\u00bb1&#8243; module_id=\u00bboptin-secci\u00f3n\u00bb _builder_version=\u00bb3.29.3&#8243; background_color=\u00bb#efefef\u00bb top_divider_style=\u00bbarrow\u00bb top_divider_color=\u00bb#ffffff\u00bb top_divider_height=\u00bb44px\u00bb global_module=\u00bb822&#8243;][et_pb_row column_structure=\u00bb1_2,1_2&#8243; _builder_version=\u00bb3.29.3&#8243; custom_margin=\u00bb3%||||false|false\u00bb custom_margin_tablet=\u00bb\u00bb custom_margin_phone=\u00bb\u00bb custom_margin_last_edited=\u00bbon|desktop\u00bb custom_padding=\u00bb||||false|false\u00bb][et_pb_column type=\u00bb1_2&#8243; _builder_version=\u00bb3.29.3&#8243;][et_pb_image src=\u00bbhttps:\/\/coachellavalleydpc.com\/wp-content\/uploads\/2019\/10\/opt-in-cover.png\u00bb align=\u00bbcenter\u00bb _builder_version=\u00bb3.29.3&#8243; width_tablet=\u00bb69%\u00bb width_phone=\u00bb\u00bb width_last_edited=\u00bbon|tablet\u00bb][\/et_pb_image][\/et_pb_column][et_pb_column type=\u00bb1_2&#8243; _builder_version=\u00bb3.29.3&#8243;][et_pb_text _builder_version=\u00bb3.29.3&#8243; header_2_text_color=\u00bb#513000&#8243; header_5_font=\u00bbSource Sans Pro|300|||||||\u00bb header_5_text_color=\u00bb#757575&#8243; header_5_letter_spacing=\u00bb2px\u00bb]<\/p>\n<h5>GU\u00cdA GRATUITA DE 8 P\u00c1GINAS<\/h5>\n<h2>Las 5 cosas que DEBES hacer cuando contraigas la gripe para estar sano y activo<\/h2>\n<p>Suscr\u00edbete a continuaci\u00f3n para que t\u00fa y tu familia est\u00e9is preparados, os manteng\u00e1is sanos y activos incluso cuando llegue la gripe.<\/p>\n<p>[\/et_pb_text][et_pb_signup mailchimp_list=\u00bbCVDPC Mailchimp|7e907b609b\u00bb layout=\u00bbtop_bottom\u00bb first_name_fullwidth=\u00bboff\u00bb last_name_field=\u00bboff\u00bb email_fullwidth=\u00bboff\u00bb success_message=\u00bbComprueba tu bandeja de entrada para confirmar y descargar tu gu\u00eda.\u00bb button_text=\u00bb\u00a1Env\u00edamelo!\u00bb _builder_version=\u00bb3.29.3&#8243; form_field_text_color=\u00bb#757575&#8243; form_field_focus_background_color=\u00bb#e8e8e8&#8243; form_field_focus_text_color=\u00bb#000000&#8243; form_field_custom_padding=\u00bb19px||19px||true|false\u00bb result_message_font_size=\u00bb18px\u00bb use_background_color=\u00bboff\u00bb custom_button=\u00bbon\u00bb button_bg_color=\u00bb#ff9c5c\u00bb button_border_color=\u00bb#ff9c5c\u00bb button_letter_spacing=\u00bb1px\u00bb button_use_icon=\u00bboff\u00bb background_layout=\u00bblight\u00bb width_tablet=\u00bb\u00bb width_phone=\u00bb\u00bb width_last_edited=\u00bbon|desktop\u00bb module_alignment=\u00bbcenter\u00bb custom_margin=\u00bb0px||||false|false\u00bb custom_css_newsletter_description=\u00bbdisplay:none;\u00bb border_width_all_fields=\u00bb1px\u00bb border_color_all_fields=\u00bb#d3d3d3&#8243; button_bg_color__hover_enabled=\u00bbon|hover\u00bb button_bg_color__hover=\u00bb#757575&#8243; button_bg_enable_color__hover=\u00bbon\u00bb button_border_color__hover_enabled=\u00bbon|hover\u00bb button_border_color__hover=\u00bb#757575&#8243; button_letter_spacing__hover_enabled=\u00bbon|hover\u00bb][\/et_pb_signup][\/et_pb_column][\/et_pb_row][\/et_pb_section]<\/p>\n\n","protected":false},"excerpt":{"rendered":"<p>Asistencia sanitaria sin frustraciones para toda la familia En Atenci\u00f3n Primaria Directa del Valle de Coachella, sabemos que quieres la mejor asistencia sanitaria posible para ti y tu familia sin sentirte agobiado por el coste. Sin embargo, el sistema sanitario actual funciona por el bien de los beneficios, no de los pacientes. La Dra. Krista [&hellip;]<\/p>\n","protected":false},"author":2,"featured_media":0,"parent":0,"menu_order":0,"comment_status":"closed","ping_status":"closed","template":"","meta":{"_et_pb_use_builder":"on","_et_pb_old_content":"","_et_gb_content_width":"","_exactmetrics_skip_tracking":false,"_exactmetrics_sitenote_active":false,"_exactmetrics_sitenote_note":"","_exactmetrics_sitenote_category":0,"footnotes":""},"yoast_head":"<!-- This site is optimized with the Yoast SEO plugin v22.7 - https:\/\/yoast.com\/wordpress\/plugins\/seo\/ -->\n<title>Nuestro equipo - Coachella Valley Direct Primary Care<\/title>\n<meta name=\"robots\" content=\"index, follow, max-snippet:-1, max-image-preview:large, max-video-preview:-1\" \/>\n<link rel=\"canonical\" href=\"https:\/\/coachellavalleydpc.com\/es\/nuestro-equipo\/\" \/>\n<meta property=\"og:locale\" content=\"es_ES\" \/>\n<meta property=\"og:type\" content=\"article\" \/>\n<meta property=\"og:title\" content=\"Nuestro equipo - Coachella Valley Direct Primary Care\" \/>\n<meta property=\"og:description\" content=\"Asistencia sanitaria sin frustraciones para toda la familia En Atenci\u00f3n Primaria Directa del Valle de Coachella, sabemos que quieres la mejor asistencia sanitaria posible para ti y tu familia sin sentirte agobiado por el coste. Sin embargo, el sistema sanitario actual funciona por el bien de los beneficios, no de los pacientes. La Dra. Krista [&hellip;]\" \/>\n<meta property=\"og:url\" content=\"https:\/\/coachellavalleydpc.com\/es\/nuestro-equipo\/\" \/>\n<meta property=\"og:site_name\" content=\"Coachella Valley Direct Primary Care\" \/>\n<meta property=\"article:modified_time\" content=\"2025-02-16T10:56:21+00:00\" \/>\n<meta property=\"og:image\" content=\"https:\/\/coachellavalleydpc.com\/wp-content\/uploads\/2022\/06\/CVDPC-Our-Team-3.png\" \/>\n<meta name=\"twitter:card\" content=\"summary_large_image\" \/>\n<meta name=\"twitter:label1\" content=\"Tiempo de lectura\" \/>\n\t<meta name=\"twitter:data1\" content=\"8 minutos\" \/>\n<!-- \/ Yoast SEO plugin. -->","yoast_head_json":{"title":"Nuestro equipo - Coachella Valley Direct Primary Care","robots":{"index":"index","follow":"follow","max-snippet":"max-snippet:-1","max-image-preview":"max-image-preview:large","max-video-preview":"max-video-preview:-1"},"canonical":"https:\/\/coachellavalleydpc.com\/es\/nuestro-equipo\/","og_locale":"es_ES","og_type":"article","og_title":"Nuestro equipo - Coachella Valley Direct Primary Care","og_description":"Asistencia sanitaria sin frustraciones para toda la familia En Atenci\u00f3n Primaria Directa del Valle de Coachella, sabemos que quieres la mejor asistencia sanitaria posible para ti y tu familia sin sentirte agobiado por el coste. Sin embargo, el sistema sanitario actual funciona por el bien de los beneficios, no de los pacientes. La Dra. Krista [&hellip;]","og_url":"https:\/\/coachellavalleydpc.com\/es\/nuestro-equipo\/","og_site_name":"Coachella Valley Direct Primary Care","article_modified_time":"2025-02-16T10:56:21+00:00","og_image":[{"url":"https:\/\/coachellavalleydpc.com\/wp-content\/uploads\/2022\/06\/CVDPC-Our-Team-3.png"}],"twitter_card":"summary_large_image","twitter_misc":{"Tiempo de lectura":"8 minutos"},"schema":{"@context":"https:\/\/schema.org","@graph":[{"@type":"WebPage","@id":"https:\/\/coachellavalleydpc.com\/es\/nuestro-equipo\/","url":"https:\/\/coachellavalleydpc.com\/es\/nuestro-equipo\/","name":"Nuestro equipo - Coachella Valley Direct Primary Care","isPartOf":{"@id":"https:\/\/coachellavalleydpc.com\/#website"},"primaryImageOfPage":{"@id":"https:\/\/coachellavalleydpc.com\/es\/nuestro-equipo\/#primaryimage"},"image":{"@id":"https:\/\/coachellavalleydpc.com\/es\/nuestro-equipo\/#primaryimage"},"thumbnailUrl":"https:\/\/coachellavalleydpc.com\/wp-content\/uploads\/2022\/06\/CVDPC-Our-Team-3.png","datePublished":"2019-08-30T16:15:08+00:00","dateModified":"2025-02-16T10:56:21+00:00","breadcrumb":{"@id":"https:\/\/coachellavalleydpc.com\/es\/nuestro-equipo\/#breadcrumb"},"inLanguage":"es","potentialAction":[{"@type":"ReadAction","target":["https:\/\/coachellavalleydpc.com\/es\/nuestro-equipo\/"]}]},{"@type":"ImageObject","inLanguage":"es","@id":"https:\/\/coachellavalleydpc.com\/es\/nuestro-equipo\/#primaryimage","url":"https:\/\/coachellavalleydpc.com\/wp-content\/uploads\/2022\/06\/CVDPC-Our-Team-3.png","contentUrl":"https:\/\/coachellavalleydpc.com\/wp-content\/uploads\/2022\/06\/CVDPC-Our-Team-3.png"},{"@type":"BreadcrumbList","@id":"https:\/\/coachellavalleydpc.com\/es\/nuestro-equipo\/#breadcrumb","itemListElement":[{"@type":"ListItem","position":1,"name":"Home","item":"https:\/\/coachellavalleydpc.com\/es\/inicio\/"},{"@type":"ListItem","position":2,"name":"Nuestro equipo"}]},{"@type":"WebSite","@id":"https:\/\/coachellavalleydpc.com\/#website","url":"https:\/\/coachellavalleydpc.com\/","name":"Coachella Valley Direct Primary Care","description":"Frustration-Free Health Care","publisher":{"@id":"https:\/\/coachellavalleydpc.com\/#organization"},"potentialAction":[{"@type":"SearchAction","target":{"@type":"EntryPoint","urlTemplate":"https:\/\/coachellavalleydpc.com\/?s={search_term_string}"},"query-input":"required name=search_term_string"}],"inLanguage":"es"},{"@type":"Organization","@id":"https:\/\/coachellavalleydpc.com\/#organization","name":"Coachella Valley Direct Primary Care","url":"https:\/\/coachellavalleydpc.com\/","logo":{"@type":"ImageObject","inLanguage":"es","@id":"https:\/\/coachellavalleydpc.com\/#\/schema\/logo\/image\/","url":"https:\/\/coachellavalleydpc.com\/wp-content\/uploads\/2019\/08\/coachella-logo-e1567181525673.png","contentUrl":"https:\/\/coachellavalleydpc.com\/wp-content\/uploads\/2019\/08\/coachella-logo-e1567181525673.png","width":250,"height":133,"caption":"Coachella Valley Direct Primary Care"},"image":{"@id":"https:\/\/coachellavalleydpc.com\/#\/schema\/logo\/image\/"}}]}},"_links":{"self":[{"href":"https:\/\/coachellavalleydpc.com\/es\/wp-json\/wp\/v2\/pages\/3091"}],"collection":[{"href":"https:\/\/coachellavalleydpc.com\/es\/wp-json\/wp\/v2\/pages"}],"about":[{"href":"https:\/\/coachellavalleydpc.com\/es\/wp-json\/wp\/v2\/types\/page"}],"author":[{"embeddable":true,"href":"https:\/\/coachellavalleydpc.com\/es\/wp-json\/wp\/v2\/users\/2"}],"replies":[{"embeddable":true,"href":"https:\/\/coachellavalleydpc.com\/es\/wp-json\/wp\/v2\/comments?post=3091"}],"version-history":[{"count":1,"href":"https:\/\/coachellavalleydpc.com\/es\/wp-json\/wp\/v2\/pages\/3091\/revisions"}],"predecessor-version":[{"id":3092,"href":"https:\/\/coachellavalleydpc.com\/es\/wp-json\/wp\/v2\/pages\/3091\/revisions\/3092"}],"wp:attachment":[{"href":"https:\/\/coachellavalleydpc.com\/es\/wp-json\/wp\/v2\/media?parent=3091"}],"curies":[{"name":"wp","href":"https:\/\/api.w.org\/{rel}","templated":true}]}}