{"id":3085,"date":"2019-08-30T16:16:12","date_gmt":"2019-08-30T16:16:12","guid":{"rendered":"https:\/\/coachellavalleydpc.com\/ponte-en-contacto-con\/"},"modified":"2025-02-16T10:55:19","modified_gmt":"2025-02-16T10:55:19","slug":"ponte-en-contacto-con","status":"publish","type":"page","link":"https:\/\/coachellavalleydpc.com\/es\/ponte-en-contacto-con\/","title":{"rendered":"Ponte en contacto con"},"content":{"rendered":"<p>[et_pb_section fb_built=\u00bb1&#8243; fullwidth=\u00bbon\u00bb _builder_version=\u00bb4.16&#8243; background_image=\u00bbhttps:\/\/coachellavalleydpc.com\/wp-content\/uploads\/2019\/08\/coachella-valley-healthcare-testimonials-bkgrnd_optimized.jpg\u00bb background_position=\u00bbbottom_center\u00bb global_colors_info=\u00bb{}\u00bb][et_pb_fullwidth_header title=\u00bbContacto y c\u00f3mo llegar en Coachella Valley\u00bb text_orientation=\u00bbcenter\u00bb button_one_text=\u00bbPrograma una consulta gratuita\u00bb button_one_url=\u00bbhttps:\/\/app.acuityscheduling.com\/schedule.php?owner=18378885&#8243; background_overlay_color=\u00bbrgba(0,0,0,0.44)\u00bb _builder_version=\u00bb4.16&#8243; title_font_size=\u00bb55px\u00bb subhead_font_size=\u00bb24px\u00bb subhead_line_height=\u00bb1.2em\u00bb background_enable_color=\u00bboff\u00bb custom_button_two=\u00bbon\u00bb button_two_bg_color=\u00bbrgba(0,0,0,0.16)\u00bb button_two_border_width=\u00bb3px\u00bb button_two_border_color=\u00bb#ffffff\u00bb button_two_use_icon=\u00bboff\u00bb width=\u00bb100%\u00bb height_tablet=\u00bb\u00bb height_phone=\u00bb\u00bb height_last_edited=\u00bbon|desktop\u00bb custom_padding=\u00bb12%|0px|12%|0px|true|false\u00bb custom_padding_tablet=\u00bb10%||10%||true|false\u00bb custom_padding_phone=\u00bb8%||8%||true|false\u00bb custom_padding_last_edited=\u00bbon|phone\u00bb title_font_size_tablet=\u00bb\u00bb title_font_size_phone=\u00bb41px\u00bb title_font_size_last_edited=\u00bbon|phone\u00bb subhead_font_size_tablet=\u00bb\u00bb subhead_font_size_phone=\u00bb20px\u00bb subhead_font_size_last_edited=\u00bbon|phone\u00bb subhead_line_height_tablet=\u00bb\u00bb subhead_line_height_phone=\u00bb1.4em\u00bb subhead_line_height_last_edited=\u00bbon|phone\u00bb z_index_tablet=\u00bb500&#8243; custom_css_title=\u00bbmargin-bottom:15px;\u00bb custom_css_content=\u00bbfont-family: &#8216;Gotham Book&#8217; !important;\u00bb custom_css_subtitle=\u00bbfont-family: &#8216;Gotham Book&#8217; !important;\u00bb title_text_shadow_style=\u00bbpreset3&#8243; content_text_shadow_horizontal_length_tablet=\u00bb0px\u00bb content_text_shadow_vertical_length_tablet=\u00bb0px\u00bb content_text_shadow_blur_strength_tablet=\u00bb1px\u00bb subhead_text_shadow_style=\u00bbpreset3&#8243; subhead_text_shadow_color=\u00bbrgba(0,0,0,0.62)\u00bb content_link_text_shadow_horizontal_length_tablet=\u00bb0px\u00bb content_link_text_shadow_vertical_length_tablet=\u00bb0px\u00bb content_link_text_shadow_blur_strength_tablet=\u00bb1px\u00bb content_ul_text_shadow_horizontal_length_tablet=\u00bb0px\u00bb content_ul_text_shadow_vertical_length_tablet=\u00bb0px\u00bb content_ul_text_shadow_blur_strength_tablet=\u00bb1px\u00bb content_ol_text_shadow_horizontal_length_tablet=\u00bb0px\u00bb content_ol_text_shadow_vertical_length_tablet=\u00bb0px\u00bb content_ol_text_shadow_blur_strength_tablet=\u00bb1px\u00bb content_quote_text_shadow_horizontal_length_tablet=\u00bb0px\u00bb content_quote_text_shadow_vertical_length_tablet=\u00bb0px\u00bb content_quote_text_shadow_blur_strength_tablet=\u00bb1px\u00bb button_one_text_shadow_horizontal_length_tablet=\u00bb0px\u00bb button_one_text_shadow_vertical_length_tablet=\u00bb0px\u00bb button_one_text_shadow_blur_strength_tablet=\u00bb1px\u00bb button_two_text_shadow_horizontal_length_tablet=\u00bb0px\u00bb button_two_text_shadow_vertical_length_tablet=\u00bb0px\u00bb button_two_text_shadow_blur_strength_tablet=\u00bb1px\u00bb box_shadow_horizontal_tablet=\u00bb0px\u00bb box_shadow_vertical_tablet=\u00bb0px\u00bb box_shadow_blur_tablet=\u00bb40px\u00bb box_shadow_spread_tablet=\u00bb0px\u00bb box_shadow_horizontal_image_tablet=\u00bb0px\u00bb box_shadow_vertical_image_tablet=\u00bb0px\u00bb box_shadow_blur_image_tablet=\u00bb40px\u00bb box_shadow_spread_image_tablet=\u00bb0px\u00bb box_shadow_horizontal_button_one_tablet=\u00bb0px\u00bb box_shadow_vertical_button_one_tablet=\u00bb0px\u00bb box_shadow_blur_button_one_tablet=\u00bb40px\u00bb box_shadow_spread_button_one_tablet=\u00bb0px\u00bb box_shadow_horizontal_button_two_tablet=\u00bb0px\u00bb box_shadow_vertical_button_two_tablet=\u00bb0px\u00bb box_shadow_blur_button_two_tablet=\u00bb40px\u00bb box_shadow_spread_button_two_tablet=\u00bb0px\u00bb text_shadow_horizontal_length_tablet=\u00bb0px\u00bb text_shadow_vertical_length_tablet=\u00bb0px\u00bb text_shadow_blur_strength_tablet=\u00bb1px\u00bb global_colors_info=\u00bb{}\u00bb][\/et_pb_fullwidth_header][\/et_pb_section][et_pb_section fb_built=\u00bb1&#8243; _builder_version=\u00bb4.16&#8243; global_colors_info=\u00bb{}\u00bb][et_pb_row column_structure=\u00bb3_5,2_5&#8243; _builder_version=\u00bb4.16&#8243; global_colors_info=\u00bb{}\u00bb][et_pb_column type=\u00bb3_5&#8243; _builder_version=\u00bb4.16&#8243; global_colors_info=\u00bb{}\u00bb][et_pb_contact_form email=\u00bbDrMike@coachellavalleydpc.com\u00bb title=\u00bbEnv\u00edanos un correo electr\u00f3nico\u00bb success_message=\u00bbGracias por tu mensaje. Alguien de nuestro equipo se pondr\u00e1 en contacto contigo. \u00bb submit_button_text=\u00bbEnviar ahora\u00bb _builder_version=\u00bb4.16&#8243; _unique_id=\u00bbb559ba10-2741-4e70-be4b-444937d0ef5a\u00bb title_level=\u00bbh3&#8243; global_colors_info=\u00bb{}\u00bb][et_pb_contact_field field_id=\u00bbFirst_Name\u00bb field_title=\u00bbApellidos\u00bb _builder_version=\u00bb4.16&#8243; global_colors_info=\u00bb{}\u00bb button_text_size__hover_enabled=\u00bboff\u00bb button_one_text_size__hover_enabled=\u00bboff\u00bb button_two_text_size__hover_enabled=\u00bboff\u00bb button_text_color__hover_enabled=\u00bboff\u00bb button_one_text_color__hover_enabled=\u00bboff\u00bb button_two_text_color__hover_enabled=\u00bboff\u00bb button_border_width__hover_enabled=\u00bboff\u00bb button_one_border_width__hover_enabled=\u00bboff\u00bb button_two_border_width__hover_enabled=\u00bboff\u00bb button_border_color__hover_enabled=\u00bboff\u00bb button_one_border_color__hover_enabled=\u00bboff\u00bb button_two_border_color__hover_enabled=\u00bboff\u00bb button_border_radius__hover_enabled=\u00bboff\u00bb button_one_border_radius__hover_enabled=\u00bboff\u00bb button_two_border_radius__hover_enabled=\u00bboff\u00bb button_letter_spacing__hover_enabled=\u00bboff\u00bb button_one_letter_spacing__hover_enabled=\u00bboff\u00bb button_two_letter_spacing__hover_enabled=\u00bboff\u00bb button_bg_color__hover_enabled=\u00bboff\u00bb button_one_bg_color__hover_enabled=\u00bboff\u00bb button_two_bg_color__hover_enabled=\u00bboff\u00bb][\/et_pb_contact_field][et_pb_contact_field field_id=\u00bbLast_Name\u00bb field_title=\u00bbApellidos\u00bb _builder_version=\u00bb4.16&#8243; global_colors_info=\u00bb{}\u00bb button_text_size__hover_enabled=\u00bboff\u00bb button_one_text_size__hover_enabled=\u00bboff\u00bb button_two_text_size__hover_enabled=\u00bboff\u00bb button_text_color__hover_enabled=\u00bboff\u00bb button_one_text_color__hover_enabled=\u00bboff\u00bb button_two_text_color__hover_enabled=\u00bboff\u00bb button_border_width__hover_enabled=\u00bboff\u00bb button_one_border_width__hover_enabled=\u00bboff\u00bb button_two_border_width__hover_enabled=\u00bboff\u00bb button_border_color__hover_enabled=\u00bboff\u00bb button_one_border_color__hover_enabled=\u00bboff\u00bb button_two_border_color__hover_enabled=\u00bboff\u00bb button_border_radius__hover_enabled=\u00bboff\u00bb button_one_border_radius__hover_enabled=\u00bboff\u00bb button_two_border_radius__hover_enabled=\u00bboff\u00bb button_letter_spacing__hover_enabled=\u00bboff\u00bb button_one_letter_spacing__hover_enabled=\u00bboff\u00bb button_two_letter_spacing__hover_enabled=\u00bboff\u00bb button_bg_color__hover_enabled=\u00bboff\u00bb button_one_bg_color__hover_enabled=\u00bboff\u00bb button_two_bg_color__hover_enabled=\u00bboff\u00bb][\/et_pb_contact_field][et_pb_contact_field field_id=\u00bbEmail\u00bb field_title=\u00bbDirecci\u00f3n de correo electr\u00f3nico\u00bb field_type=\u00bbemail\u00bb _builder_version=\u00bb4.16&#8243; global_colors_info=\u00bb{}\u00bb button_text_size__hover_enabled=\u00bboff\u00bb button_one_text_size__hover_enabled=\u00bboff\u00bb button_two_text_size__hover_enabled=\u00bboff\u00bb button_text_color__hover_enabled=\u00bboff\u00bb button_one_text_color__hover_enabled=\u00bboff\u00bb button_two_text_color__hover_enabled=\u00bboff\u00bb button_border_width__hover_enabled=\u00bboff\u00bb button_one_border_width__hover_enabled=\u00bboff\u00bb button_two_border_width__hover_enabled=\u00bboff\u00bb button_border_color__hover_enabled=\u00bboff\u00bb button_one_border_color__hover_enabled=\u00bboff\u00bb button_two_border_color__hover_enabled=\u00bboff\u00bb button_border_radius__hover_enabled=\u00bboff\u00bb button_one_border_radius__hover_enabled=\u00bboff\u00bb button_two_border_radius__hover_enabled=\u00bboff\u00bb button_letter_spacing__hover_enabled=\u00bboff\u00bb button_one_letter_spacing__hover_enabled=\u00bboff\u00bb button_two_letter_spacing__hover_enabled=\u00bboff\u00bb button_bg_color__hover_enabled=\u00bboff\u00bb button_one_bg_color__hover_enabled=\u00bboff\u00bb button_two_bg_color__hover_enabled=\u00bboff\u00bb][\/et_pb_contact_field][et_pb_contact_field field_id=\u00bbPhone\u00bb field_title=\u00bbTel\u00e9fono\u00bb _builder_version=\u00bb4.16&#8243; global_colors_info=\u00bb{}\u00bb button_text_size__hover_enabled=\u00bboff\u00bb button_one_text_size__hover_enabled=\u00bboff\u00bb button_two_text_size__hover_enabled=\u00bboff\u00bb button_text_color__hover_enabled=\u00bboff\u00bb button_one_text_color__hover_enabled=\u00bboff\u00bb button_two_text_color__hover_enabled=\u00bboff\u00bb button_border_width__hover_enabled=\u00bboff\u00bb button_one_border_width__hover_enabled=\u00bboff\u00bb button_two_border_width__hover_enabled=\u00bboff\u00bb button_border_color__hover_enabled=\u00bboff\u00bb button_one_border_color__hover_enabled=\u00bboff\u00bb button_two_border_color__hover_enabled=\u00bboff\u00bb button_border_radius__hover_enabled=\u00bboff\u00bb button_one_border_radius__hover_enabled=\u00bboff\u00bb button_two_border_radius__hover_enabled=\u00bboff\u00bb button_letter_spacing__hover_enabled=\u00bboff\u00bb button_one_letter_spacing__hover_enabled=\u00bboff\u00bb button_two_letter_spacing__hover_enabled=\u00bboff\u00bb button_bg_color__hover_enabled=\u00bboff\u00bb button_one_bg_color__hover_enabled=\u00bboff\u00bb button_two_bg_color__hover_enabled=\u00bboff\u00bb][\/et_pb_contact_field][et_pb_contact_field field_id=\u00bbMessage\u00bb field_title=\u00bbTu mensaje\u00bb field_type=\u00bbtext\u00bb fullwidth_field=\u00bbon\u00bb _builder_version=\u00bb4.16&#8243; global_colors_info=\u00bb{}\u00bb button_text_size__hover_enabled=\u00bboff\u00bb button_one_text_size__hover_enabled=\u00bboff\u00bb button_two_text_size__hover_enabled=\u00bboff\u00bb button_text_color__hover_enabled=\u00bboff\u00bb button_one_text_color__hover_enabled=\u00bboff\u00bb button_two_text_color__hover_enabled=\u00bboff\u00bb button_border_width__hover_enabled=\u00bboff\u00bb button_one_border_width__hover_enabled=\u00bboff\u00bb button_two_border_width__hover_enabled=\u00bboff\u00bb button_border_color__hover_enabled=\u00bboff\u00bb button_one_border_color__hover_enabled=\u00bboff\u00bb button_two_border_color__hover_enabled=\u00bboff\u00bb button_border_radius__hover_enabled=\u00bboff\u00bb button_one_border_radius__hover_enabled=\u00bboff\u00bb button_two_border_radius__hover_enabled=\u00bboff\u00bb button_letter_spacing__hover_enabled=\u00bboff\u00bb button_one_letter_spacing__hover_enabled=\u00bboff\u00bb button_two_letter_spacing__hover_enabled=\u00bboff\u00bb button_bg_color__hover_enabled=\u00bboff\u00bb button_one_bg_color__hover_enabled=\u00bboff\u00bb button_two_bg_color__hover_enabled=\u00bboff\u00bb][\/et_pb_contact_field][\/et_pb_contact_form][\/et_pb_column][et_pb_column type=\u00bb2_5&#8243; _builder_version=\u00bb4.16&#8243; global_colors_info=\u00bb{}\u00bb][et_pb_text _builder_version=\u00bb4.16&#8243; global_colors_info=\u00bb{}\u00bb]<\/p>\n<h2>Ll\u00e1manos hoy mismo<\/h2>\n<h2>Vis\u00edtanos en persona<\/h2>\n<p>Despl\u00e1zate hacia abajo para ver el mapa y las indicaciones para llegar a nuestra cl\u00ednica de Rancho Mirage.<\/p>\n<p>[\/et_pb_text][\/et_pb_column][\/et_pb_row][\/et_pb_section][et_pb_section fb_built=\u00bb1&#8243; _builder_version=\u00bb4.16&#8243; background_color=\u00bb#513000&#8243; global_colors_info=\u00bb{}\u00bb][et_pb_row _builder_version=\u00bb4.16&#8243; global_colors_info=\u00bb{}\u00bb][et_pb_column type=\u00bb4_4&#8243; _builder_version=\u00bb4.16&#8243; global_colors_info=\u00bb{}\u00bb][et_pb_text _builder_version=\u00bb4.16&#8243; text_orientation=\u00bbcenter\u00bb background_layout=\u00bbdark\u00bb global_colors_info=\u00bb{}\u00bb]<\/p>\n<h2>Vis\u00edtanos<\/h2>\n<p>[\/et_pb_text][\/et_pb_column][\/et_pb_row][et_pb_row _builder_version=\u00bb4.24.2&#8243; custom_padding=\u00bb0px|0px|0px|0px|true|true\u00bb hover_enabled=\u00bb0&#8243; border_width_all=\u00bb7px\u00bb border_color_all=\u00bb#ffffff\u00bb global_colors_info=\u00bb{}\u00bb sticky_enabled=\u00bb0&#8243;][et_pb_column type=\u00bb4_4&#8243; _builder_version=\u00bb4.24.2&#8243; hover_enabled=\u00bb0&#8243; global_colors_info=\u00bb{}\u00bb sticky_enabled=\u00bb0&#8243;][et_pb_code _builder_version=\u00bb4.24.2&#8243; hover_enabled=\u00bb0&#8243; global_colors_info=\u00bb{}\u00bb sticky_enabled=\u00bb0&#8243;]<\/p>\n<style>.embed-container { position: relative; padding-bottom: 56.25%; height: 0; overflow: hidden; max-width: 100%; } .embed-container iframe, .embed-container object, .embed-container embed { position: absolute; top: 0; left: 0; width: 100%; height: 100%; }<\/style>\n<p><!-- [et_pb_line_break_holder] --><iframe src=\"https:\/\/www.google.com\/maps\/embed?pb=!1m18!1m12!1m3!1d3317.6608082517914!2d-116.4118891!3d33.74358610000001!2m3!1f0!2f0!3f0!3m2!1i1024!2i768!4f13.1!3m3!1m2!1s0x80dafd8cc716cebb%3A0x3609dbacd60e1f2c!2s71780%20San%20Jacinto%20Dr%20%23%20H1%2C%20Rancho%20Mirage%2C%20CA%2092270%2C%20USA!5e0!3m2!1sen!2sbh!4v1712324794566!5m2!1sen!2sbh\" width=\"100%\" height=\"450\" frameborder=\"0\" style=\"border:0;\" allowfullscreen=\"\"><\/iframe>[\/et_pb_code][\/et_pb_column][\/et_pb_row][\/et_pb_section][et_pb_section fb_built=\u00bb1&#8243; _builder_version=\u00bb4.16&#8243; global_colors_info=\u00bb{}\u00bb][et_pb_row _builder_version=\u00bb4.16&#8243; global_colors_info=\u00bb{}\u00bb][et_pb_column type=\u00bb4_4&#8243; _builder_version=\u00bb4.16&#8243; global_colors_info=\u00bb{}\u00bb][et_pb_text _builder_version=\u00bb4.16&#8243; header_2_text_align=\u00bbcenter\u00bb text_orientation=\u00bbcenter\u00bb global_colors_info=\u00bb{}\u00bb]<\/p>\n<h2>C\u00f3mo llegar en coche<\/h2>\n<p>[\/et_pb_text][et_pb_text _builder_version=\u00bb4.16&#8243; text_orientation=\u00bbcenter\u00bb global_colors_info=\u00bb{}\u00bb]<\/p>\n<h3>Desde Palm Springs:<\/h3>\n<p>Toma la I-10 Este y sal en Bob Hope Drive. Gira a la derecha y dir\u00edgete al Sur. Conduce aproximadamente 2,5 km. Gira en U en Gerald Ford Drive para volver al Norte, hacia la autopista. A unos 100 metros, gira a la derecha en Mirage Professional Plaza. Estamos en la esquina delantera derecha del edificio. Te pedimos disculpas si el aparcamiento parece lleno. Hay muchas oficinas en el edificio. Sin embargo, siempre hay aparcamiento disponible.        <\/p>\n<h3>Desde La Quinta:<\/h3>\n<p>Dir\u00edgete al oeste por Gerald Ford Drive. Gira a la derecha en Bob Hope Drive en direcci\u00f3n norte. A unos 100 metros, gira a la derecha en Mirage Professional Plaza. Estamos en la esquina delantera derecha del edificio. Te pedimos disculpas si el aparcamiento parece lleno. Hay muchas oficinas en el edificio. Sin embargo, siempre hay aparcamiento disponible.      <\/p>\n<p>No dudes en llamar a nuestra oficina al <a href=\"tel:760-642-5549\">760-642-5549<\/a> para cualquier duda o pregunta antes de tu cita.<\/p>\n<p>[\/et_pb_text][\/et_pb_column][\/et_pb_row][\/et_pb_section][et_pb_section fb_built=\u00bb1&#8243; module_id=\u00bboptin-secci\u00f3n\u00bb _builder_version=\u00bb3.29.3&#8243; background_color=\u00bb#efefef\u00bb top_divider_style=\u00bbarrow\u00bb top_divider_color=\u00bb#ffffff\u00bb top_divider_height=\u00bb44px\u00bb global_module=\u00bb822&#8243; global_colors_info=\u00bb{}\u00bb][et_pb_row column_structure=\u00bb1_2,1_2&#8243; _builder_version=\u00bb4.16&#8243; custom_margin=\u00bb3%||||false|false\u00bb custom_margin_tablet=\u00bb\u00bb custom_margin_phone=\u00bb\u00bb custom_margin_last_edited=\u00bbon|desktop\u00bb custom_padding=\u00bb||||false|false\u00bb global_colors_info=\u00bb{}\u00bb][et_pb_column type=\u00bb1_2&#8243; _builder_version=\u00bb4.16&#8243; global_colors_info=\u00bb{}\u00bb][et_pb_image src=\u00bbhttps:\/\/coachellavalleydpc.com\/wp-content\/uploads\/2019\/10\/opt-in-cover.png\u00bb align=\u00bbcenter\u00bb _builder_version=\u00bb4.16&#8243; width_tablet=\u00bb69%\u00bb width_phone=\u00bb\u00bb width_last_edited=\u00bbon|tablet\u00bb global_colors_info=\u00bb{}\u00bb][\/et_pb_image][\/et_pb_column][et_pb_column type=\u00bb1_2&#8243; _builder_version=\u00bb4.16&#8243; global_colors_info=\u00bb{}\u00bb][et_pb_text _builder_version=\u00bb4.16&#8243; header_2_text_color=\u00bb#513000&#8243; header_5_font=\u00bbSource Sans Pro|300|||||||\u00bb header_5_text_color=\u00bb#757575&#8243; header_5_letter_spacing=\u00bb2px\u00bb global_colors_info=\u00bb{}\u00bb]<\/p>\n<h5>GU\u00cdA GRATUITA DE 8 P\u00c1GINAS<\/h5>\n<h2><span>Las 5 cosas que DEBES hacer cuando contraigas la gripe para estar sano y activo<\/span><\/h2>\n<p><span>Suscr\u00edbete a continuaci\u00f3n para que t\u00fa y tu familia est\u00e9is preparados, os manteng\u00e1is sanos y activos incluso cuando llegue la gripe.<\/span><\/p>\n<p>[\/et_pb_text][et_pb_signup mailchimp_list=\u00bbCVDPC Mailchimp|7e907b609b\u00bb layout=\u00bbtop_bottom\u00bb first_name_fullwidth=\u00bboff\u00bb last_name_field=\u00bboff\u00bb email_fullwidth=\u00bboff\u00bb success_message=\u00bbComprueba tu bandeja de entrada para confirmar y descargar tu gu\u00eda.\u00bb button_text=\u00bb\u00a1Env\u00edamelo!\u00bb _builder_version=\u00bb4.16&#8243; form_field_text_color=\u00bb#757575&#8243; form_field_focus_background_color=\u00bb#e8e8e8&#8243; form_field_focus_text_color=\u00bb#000000&#8243; form_field_custom_padding=\u00bb19px||19px||true|false\u00bb result_message_font_size=\u00bb18px\u00bb use_background_color=\u00bboff\u00bb custom_button=\u00bbon\u00bb button_bg_color=\u00bb#ff9c5c\u00bb button_border_color=\u00bb#ff9c5c\u00bb button_letter_spacing=\u00bb1px\u00bb button_use_icon=\u00bboff\u00bb background_layout=\u00bblight\u00bb width_tablet=\u00bb\u00bb width_phone=\u00bb\u00bb width_last_edited=\u00bbon|desktop\u00bb module_alignment=\u00bbcenter\u00bb custom_margin=\u00bb0px||||false|false\u00bb custom_css_newsletter_description=\u00bbdisplay:none;\u00bb border_width_all_fields=\u00bb1px\u00bb border_color_all_fields=\u00bb#d3d3d3&#8243; global_colors_info=\u00bb{}\u00bb button_bg_color__hover_enabled=\u00bbon|hover\u00bb button_bg_color__hover=\u00bb#757575&#8243; button_bg_enable_color__hover=\u00bbon\u00bb button_border_color__hover_enabled=\u00bbon|hover\u00bb button_border_color__hover=\u00bb#757575&#8243; button_letter_spacing__hover_enabled=\u00bbon|hover\u00bb button_letter_spacing__hover=\u00bb1px\u00bb][\/et_pb_signup][\/et_pb_column][\/et_pb_row][\/et_pb_section]<\/p>\n","protected":false},"excerpt":{"rendered":"<p>Ll\u00e1manos hoy mismo Vis\u00edtanos en persona Despl\u00e1zate hacia abajo para ver el mapa y las indicaciones para llegar a nuestra cl\u00ednica de Rancho Mirage.Vis\u00edtanosC\u00f3mo llegar en cocheDesde Palm Springs: Toma la I-10 Este y sal en Bob Hope Drive. Gira a la derecha y dir\u00edgete al Sur. Conduce aproximadamente 2,5 km. Gira en U en [&hellip;]<\/p>\n","protected":false},"author":2,"featured_media":0,"parent":0,"menu_order":0,"comment_status":"closed","ping_status":"closed","template":"","meta":{"_et_pb_use_builder":"on","_et_pb_old_content":"","_et_gb_content_width":"","_exactmetrics_skip_tracking":false,"_exactmetrics_sitenote_active":false,"_exactmetrics_sitenote_note":"","_exactmetrics_sitenote_category":0,"footnotes":""},"yoast_head":"<!-- This site is optimized with the Yoast SEO plugin v22.7 - https:\/\/yoast.com\/wordpress\/plugins\/seo\/ -->\n<title>Ponte en contacto con - Coachella Valley Direct Primary Care<\/title>\n<meta name=\"robots\" content=\"index, follow, max-snippet:-1, max-image-preview:large, max-video-preview:-1\" \/>\n<link rel=\"canonical\" href=\"https:\/\/coachellavalleydpc.com\/es\/ponte-en-contacto-con\/\" \/>\n<meta property=\"og:locale\" content=\"es_ES\" \/>\n<meta property=\"og:type\" content=\"article\" \/>\n<meta property=\"og:title\" content=\"Ponte en contacto con - Coachella Valley Direct Primary Care\" \/>\n<meta property=\"og:description\" content=\"Ll\u00e1manos hoy mismo Vis\u00edtanos en persona Despl\u00e1zate hacia abajo para ver el mapa y las indicaciones para llegar a nuestra cl\u00ednica de Rancho Mirage.Vis\u00edtanosC\u00f3mo llegar en cocheDesde Palm Springs: Toma la I-10 Este y sal en Bob Hope Drive. Gira a la derecha y dir\u00edgete al Sur. Conduce aproximadamente 2,5 km. Gira en U en [&hellip;]\" \/>\n<meta property=\"og:url\" content=\"https:\/\/coachellavalleydpc.com\/es\/ponte-en-contacto-con\/\" \/>\n<meta property=\"og:site_name\" content=\"Coachella Valley Direct Primary Care\" \/>\n<meta property=\"article:modified_time\" content=\"2025-02-16T10:55:19+00:00\" \/>\n<meta name=\"twitter:card\" content=\"summary_large_image\" \/>\n<meta name=\"twitter:label1\" content=\"Tiempo de lectura\" \/>\n\t<meta name=\"twitter:data1\" content=\"11 minutos\" \/>\n<!-- \/ Yoast SEO plugin. -->","yoast_head_json":{"title":"Ponte en contacto con - Coachella Valley Direct Primary Care","robots":{"index":"index","follow":"follow","max-snippet":"max-snippet:-1","max-image-preview":"max-image-preview:large","max-video-preview":"max-video-preview:-1"},"canonical":"https:\/\/coachellavalleydpc.com\/es\/ponte-en-contacto-con\/","og_locale":"es_ES","og_type":"article","og_title":"Ponte en contacto con - Coachella Valley Direct Primary Care","og_description":"Ll\u00e1manos hoy mismo Vis\u00edtanos en persona Despl\u00e1zate hacia abajo para ver el mapa y las indicaciones para llegar a nuestra cl\u00ednica de Rancho Mirage.Vis\u00edtanosC\u00f3mo llegar en cocheDesde Palm Springs: Toma la I-10 Este y sal en Bob Hope Drive. Gira a la derecha y dir\u00edgete al Sur. Conduce aproximadamente 2,5 km. Gira en U en [&hellip;]","og_url":"https:\/\/coachellavalleydpc.com\/es\/ponte-en-contacto-con\/","og_site_name":"Coachella Valley Direct Primary Care","article_modified_time":"2025-02-16T10:55:19+00:00","twitter_card":"summary_large_image","twitter_misc":{"Tiempo de lectura":"11 minutos"},"schema":{"@context":"https:\/\/schema.org","@graph":[{"@type":"WebPage","@id":"https:\/\/coachellavalleydpc.com\/es\/ponte-en-contacto-con\/","url":"https:\/\/coachellavalleydpc.com\/es\/ponte-en-contacto-con\/","name":"Ponte en contacto con - Coachella Valley Direct Primary Care","isPartOf":{"@id":"https:\/\/coachellavalleydpc.com\/#website"},"datePublished":"2019-08-30T16:16:12+00:00","dateModified":"2025-02-16T10:55:19+00:00","breadcrumb":{"@id":"https:\/\/coachellavalleydpc.com\/es\/ponte-en-contacto-con\/#breadcrumb"},"inLanguage":"es","potentialAction":[{"@type":"ReadAction","target":["https:\/\/coachellavalleydpc.com\/es\/ponte-en-contacto-con\/"]}]},{"@type":"BreadcrumbList","@id":"https:\/\/coachellavalleydpc.com\/es\/ponte-en-contacto-con\/#breadcrumb","itemListElement":[{"@type":"ListItem","position":1,"name":"Home","item":"https:\/\/coachellavalleydpc.com\/es\/inicio\/"},{"@type":"ListItem","position":2,"name":"Ponte en contacto con"}]},{"@type":"WebSite","@id":"https:\/\/coachellavalleydpc.com\/#website","url":"https:\/\/coachellavalleydpc.com\/","name":"Coachella Valley Direct Primary Care","description":"Frustration-Free Health Care","publisher":{"@id":"https:\/\/coachellavalleydpc.com\/#organization"},"potentialAction":[{"@type":"SearchAction","target":{"@type":"EntryPoint","urlTemplate":"https:\/\/coachellavalleydpc.com\/?s={search_term_string}"},"query-input":"required name=search_term_string"}],"inLanguage":"es"},{"@type":"Organization","@id":"https:\/\/coachellavalleydpc.com\/#organization","name":"Coachella Valley Direct Primary Care","url":"https:\/\/coachellavalleydpc.com\/","logo":{"@type":"ImageObject","inLanguage":"es","@id":"https:\/\/coachellavalleydpc.com\/#\/schema\/logo\/image\/","url":"https:\/\/coachellavalleydpc.com\/wp-content\/uploads\/2019\/08\/coachella-logo-e1567181525673.png","contentUrl":"https:\/\/coachellavalleydpc.com\/wp-content\/uploads\/2019\/08\/coachella-logo-e1567181525673.png","width":250,"height":133,"caption":"Coachella Valley Direct Primary Care"},"image":{"@id":"https:\/\/coachellavalleydpc.com\/#\/schema\/logo\/image\/"}}]}},"_links":{"self":[{"href":"https:\/\/coachellavalleydpc.com\/es\/wp-json\/wp\/v2\/pages\/3085"}],"collection":[{"href":"https:\/\/coachellavalleydpc.com\/es\/wp-json\/wp\/v2\/pages"}],"about":[{"href":"https:\/\/coachellavalleydpc.com\/es\/wp-json\/wp\/v2\/types\/page"}],"author":[{"embeddable":true,"href":"https:\/\/coachellavalleydpc.com\/es\/wp-json\/wp\/v2\/users\/2"}],"replies":[{"embeddable":true,"href":"https:\/\/coachellavalleydpc.com\/es\/wp-json\/wp\/v2\/comments?post=3085"}],"version-history":[{"count":2,"href":"https:\/\/coachellavalleydpc.com\/es\/wp-json\/wp\/v2\/pages\/3085\/revisions"}],"predecessor-version":[{"id":3087,"href":"https:\/\/coachellavalleydpc.com\/es\/wp-json\/wp\/v2\/pages\/3085\/revisions\/3087"}],"wp:attachment":[{"href":"https:\/\/coachellavalleydpc.com\/es\/wp-json\/wp\/v2\/media?parent=3085"}],"curies":[{"name":"wp","href":"https:\/\/api.w.org\/{rel}","templated":true}]}}