{"id":3081,"date":"2020-10-30T08:39:23","date_gmt":"2020-10-30T08:39:23","guid":{"rendered":"https:\/\/coachellavalleydpc.com\/reserva-una-cita-para-una-prueba-de-covid-en-coachella-valley\/"},"modified":"2025-02-16T10:54:37","modified_gmt":"2025-02-16T10:54:37","slug":"reserva-una-cita-para-una-prueba-de-covid-en-coachella-valley","status":"publish","type":"page","link":"https:\/\/coachellavalleydpc.com\/es\/reserva-una-cita-para-una-prueba-de-covid-en-coachella-valley\/","title":{"rendered":"reserva una cita para una prueba de covid en coachella valley"},"content":{"rendered":"\n\t\t\t\t<a href=\"https:\/\/coachellavalleydpc.com\/es\/\" target=\"_self\" itemprop=\"url\" rel=\"noopener noreferrer\">\n\t\t\t\t<img decoding=\"async\" src=\"https:\/\/coachellavalleydpc.com\/wp-content\/uploads\/2019\/09\/coachella-logo-LG-300x160.png\" alt=\"coachella-logo-LG\" itemprop=\"image\" height=\"160\" width=\"300\" title=\"coachella-logo-LG\" onerror=\"this.style.display='none'\">\n\t\t\t\t<\/a>\n\t\t   \t        <ul id=\"menu-covid-testing-menu\"><li id=\"menu-item-1014\"><a href=\"https:\/\/coachellavalleydpc.com\/cvrapidtest\/#Covid_FAQs\">\u00bfQu\u00e9 prueba debo hacerme?<\/a><\/li>\n<li id=\"menu-item-1015\"><a href=\"https:\/\/coachellavalleydpc.com\/cvrapidtest\/#pricing\">Precios<\/a><\/li>\n<li id=\"menu-item-1016\"><a href=\"https:\/\/coachellavalleydpc.com\/cvrapidtest\/#contact_us\">Contacta con nosotros<\/a><\/li>\n<\/ul>\t\n\t\t\t<a href=\"https:\/\/coachellavalleydpc.com\/es\/reserva-una-cita-para-una-prueba-de-covid-en-coachella-valley\/\" target=\"_self\" role=\"button\" rel=\"noopener noreferrer\">\n  RESERVA TU PRUEBA\n\t\t\t\t\t<\/a>\n<h2>\n  Reserva ahora tu prueba de Covid en Coachella Valley\n\t<\/h2>\n\t<p>Bienvenido a nuestra c\u00f3moda p\u00e1gina de reserva de citas para la prueba Covid. S\u00f3lo tardar\u00e1s un par de minutos en reservar la prueba Covid que desees. Actualmente, todas las pruebas Covid se realizan en el lugar que elijas. Si tienes alguna pregunta sobre qu\u00e9 prueba reservar, no dudes en llamarnos al <a href=\"tel:7603021884\"><strong>760-302-1884<\/strong> <\/a>o <a href=\"https:\/\/coachellavalleydpc.com\/cvrapidtest\/#Covid_FAQs\" target=\"_top\" data-link-type=\"route-section\" data-route-section-guid=\"dc97ed5d-6bb9-a108-b012-945e63bdda6f\" data-route-guid=\"b5d361a2-f975-5766-4871-e61d239b4082\" data-route-slug=\"\" rel=\"noopener noreferrer\">haz clic aqu\u00ed<\/a> para obtener orientaci\u00f3n.   <\/p>\n<p><strong>Tambi\u00e9n ofrecemos opciones de pruebas Covid para empresas y grupos que no aparecen a continuaci\u00f3n.<\/strong> Si tienes un grupo que necesita someterse a la prueba Covid, ll\u00e1manos, env\u00edanos un mensaje de texto o un correo electr\u00f3nico <a id=\"et-info-email\" href=\"mailto:covidtest@coachellavalleydpc.com\" target=\"_blank\" rel=\"noopener noreferrer\">a covidtest@coachellavalleydpc.com<\/a> para conocer las tarifas de grupo y los detalles.<\/p>\n<p><strong>TEN EN CUENTA:  <\/strong><\/p>\n<p>&#8211; <strong>Es posible que tengamos disponibilidad de citas fuera de lo que se muestra a continuaci\u00f3n, as\u00ed que si no ves una hora que te venga bien (o si vives fuera de la zona del Valle de Coachella), ll\u00e1manos o env\u00edanos un mensaje de texto al <a href=\"tel:7603021884\">760-302-1884 <\/a>.<\/strong> <\/p>\n<p>&#8211; Al reservar tu cita, <strong>en el campo \u00abDirecci\u00f3n\u00bb, introduce la direcci\u00f3n DONDE QUIERES QUE TE HAGAN LA PRUEBA<\/strong><\/p>\n\t<h2><strong>Sigue estas instrucciones para completar la reserva de tu cita:<\/strong><\/h2>\n<ul data-guid=\"9c53cdc3-3b09-aa65-a20d-e1fd69516c5c\">\n<li>Elige y haz clic en el tipo de prueba\/s que te interesa\/n (para infecci\u00f3n activa, infecci\u00f3n pasada o ambas\/paquete).<\/li>\n<li>Haz clic en \u00abreservar ahora\u00bb junto a la prueba o conjunto de pruebas que desees<\/li>\n<li>Elige un d\u00eda y una hora para tu cita<\/li>\n<li>Introduce tus datos, y <strong>en el campo \u00abDirecci\u00f3n\u00bb, introduce la direcci\u00f3n DONDE QUIERES QUE TE HAGAMOS LA PRUEBA<\/strong><\/li>\n<li>Rellena las p\u00e1ginas de informaci\u00f3n (esta informaci\u00f3n es obligatoria seg\u00fan el Estado de California y la ley federal CARES)<\/li>\n<li>Lee los t\u00e9rminos y condiciones (haz clic en el enlace situado debajo de la secci\u00f3n de pago para verlo), y marca la casilla si aceptas los t\u00e9rminos y das tu consentimiento informado<\/li>\n<li>Introduce tus datos de pago y abona el servicio para completar la reserva de tu cita.<\/li>\n<li><strong>Si quieres reservar pruebas para otras personas al mismo tiempo que tu cita,<\/strong> hay un segmento del proceso de reserva anterior en el que puedes a\u00f1adirlas a la reserva. Podemos llamarte para cobrar el pago adicional despu\u00e9s de que completes la reserva (o puedes llamarnos primero para reservar a todos por tel\u00e9fono al mismo tiempo). <\/li>\n<\/ul>\n<p>Actualmente, todas las pruebas Covid se realizan en el lugar que elijas. Las pruebas pueden realizarse en el interior o en el exterior, seg\u00fan prefieras, y nuestros examinadores utilizan un EPP completo para la seguridad de todos. Por favor, ten a mano una mascarilla para usarla durante tu cita. Muchas gracias.   <\/p>\n\t<p>2020 Coachella Valley Direct Primary Care | <a href=\"https:\/\/coachellavalleydpc.com\/privacy-policy\/\">Pol\u00edtica de privacidad<\/a> | <a href=\"https:\/\/coachellavalleydpc.com\/es\/\">Sitio web principal<\/a><\/p>\n","protected":false},"excerpt":{"rendered":"<p>\u00bfQu\u00e9 prueba debo hacerme? Precios Contacta con nosotros RESERVA TU PRUEBA Reserva ahora tu prueba de Covid en Coachella Valley Bienvenido a nuestra c\u00f3moda p\u00e1gina de reserva de citas para la prueba Covid. S\u00f3lo tardar\u00e1s un par de minutos en reservar la prueba Covid que desees. Actualmente, todas las pruebas Covid se realizan en el [&hellip;]<\/p>\n","protected":false},"author":5,"featured_media":0,"parent":0,"menu_order":0,"comment_status":"closed","ping_status":"closed","template":"page-template-blank.php","meta":{"_et_pb_use_builder":"on","_et_pb_old_content":"","_et_gb_content_width":"","_exactmetrics_skip_tracking":false,"_exactmetrics_sitenote_active":false,"_exactmetrics_sitenote_note":"","_exactmetrics_sitenote_category":0,"footnotes":""},"yoast_head":"<!-- This site is optimized with the Yoast SEO plugin v22.7 - https:\/\/yoast.com\/wordpress\/plugins\/seo\/ -->\n<title>reserva una cita para una prueba de covid en coachella valley - Coachella Valley Direct Primary Care<\/title>\n<meta name=\"robots\" content=\"index, follow, max-snippet:-1, max-image-preview:large, max-video-preview:-1\" \/>\n<link rel=\"canonical\" href=\"https:\/\/coachellavalleydpc.com\/es\/reserva-una-cita-para-una-prueba-de-covid-en-coachella-valley\/\" \/>\n<meta property=\"og:locale\" content=\"es_ES\" \/>\n<meta property=\"og:type\" content=\"article\" \/>\n<meta property=\"og:title\" content=\"reserva una cita para una prueba de covid en coachella valley - Coachella Valley Direct Primary Care\" \/>\n<meta property=\"og:description\" content=\"\u00bfQu\u00e9 prueba debo hacerme? Precios Contacta con nosotros RESERVA TU PRUEBA Reserva ahora tu prueba de Covid en Coachella Valley Bienvenido a nuestra c\u00f3moda p\u00e1gina de reserva de citas para la prueba Covid. S\u00f3lo tardar\u00e1s un par de minutos en reservar la prueba Covid que desees. Actualmente, todas las pruebas Covid se realizan en el [&hellip;]\" \/>\n<meta property=\"og:url\" content=\"https:\/\/coachellavalleydpc.com\/es\/reserva-una-cita-para-una-prueba-de-covid-en-coachella-valley\/\" \/>\n<meta property=\"og:site_name\" content=\"Coachella Valley Direct Primary Care\" \/>\n<meta property=\"article:modified_time\" content=\"2025-02-16T10:54:37+00:00\" \/>\n<meta property=\"og:image\" content=\"https:\/\/coachellavalleydpc.com\/wp-content\/uploads\/2019\/09\/coachella-logo-LG-300x160.png\" \/>\n<meta name=\"twitter:card\" content=\"summary_large_image\" \/>\n<meta name=\"twitter:label1\" content=\"Tiempo de lectura\" \/>\n\t<meta name=\"twitter:data1\" content=\"2 minutos\" \/>\n<!-- \/ Yoast SEO plugin. -->","yoast_head_json":{"title":"reserva una cita para una prueba de covid en coachella valley - Coachella Valley Direct Primary Care","robots":{"index":"index","follow":"follow","max-snippet":"max-snippet:-1","max-image-preview":"max-image-preview:large","max-video-preview":"max-video-preview:-1"},"canonical":"https:\/\/coachellavalleydpc.com\/es\/reserva-una-cita-para-una-prueba-de-covid-en-coachella-valley\/","og_locale":"es_ES","og_type":"article","og_title":"reserva una cita para una prueba de covid en coachella valley - Coachella Valley Direct Primary Care","og_description":"\u00bfQu\u00e9 prueba debo hacerme? Precios Contacta con nosotros RESERVA TU PRUEBA Reserva ahora tu prueba de Covid en Coachella Valley Bienvenido a nuestra c\u00f3moda p\u00e1gina de reserva de citas para la prueba Covid. S\u00f3lo tardar\u00e1s un par de minutos en reservar la prueba Covid que desees. Actualmente, todas las pruebas Covid se realizan en el [&hellip;]","og_url":"https:\/\/coachellavalleydpc.com\/es\/reserva-una-cita-para-una-prueba-de-covid-en-coachella-valley\/","og_site_name":"Coachella Valley Direct Primary Care","article_modified_time":"2025-02-16T10:54:37+00:00","og_image":[{"url":"https:\/\/coachellavalleydpc.com\/wp-content\/uploads\/2019\/09\/coachella-logo-LG-300x160.png"}],"twitter_card":"summary_large_image","twitter_misc":{"Tiempo de lectura":"2 minutos"},"schema":{"@context":"https:\/\/schema.org","@graph":[{"@type":"WebPage","@id":"https:\/\/coachellavalleydpc.com\/es\/reserva-una-cita-para-una-prueba-de-covid-en-coachella-valley\/","url":"https:\/\/coachellavalleydpc.com\/es\/reserva-una-cita-para-una-prueba-de-covid-en-coachella-valley\/","name":"reserva una cita para una prueba de covid en coachella valley - Coachella Valley Direct Primary Care","isPartOf":{"@id":"https:\/\/coachellavalleydpc.com\/#website"},"primaryImageOfPage":{"@id":"https:\/\/coachellavalleydpc.com\/es\/reserva-una-cita-para-una-prueba-de-covid-en-coachella-valley\/#primaryimage"},"image":{"@id":"https:\/\/coachellavalleydpc.com\/es\/reserva-una-cita-para-una-prueba-de-covid-en-coachella-valley\/#primaryimage"},"thumbnailUrl":"https:\/\/coachellavalleydpc.com\/wp-content\/uploads\/2019\/09\/coachella-logo-LG-300x160.png","datePublished":"2020-10-30T08:39:23+00:00","dateModified":"2025-02-16T10:54:37+00:00","breadcrumb":{"@id":"https:\/\/coachellavalleydpc.com\/es\/reserva-una-cita-para-una-prueba-de-covid-en-coachella-valley\/#breadcrumb"},"inLanguage":"es","potentialAction":[{"@type":"ReadAction","target":["https:\/\/coachellavalleydpc.com\/es\/reserva-una-cita-para-una-prueba-de-covid-en-coachella-valley\/"]}]},{"@type":"ImageObject","inLanguage":"es","@id":"https:\/\/coachellavalleydpc.com\/es\/reserva-una-cita-para-una-prueba-de-covid-en-coachella-valley\/#primaryimage","url":"https:\/\/coachellavalleydpc.com\/wp-content\/uploads\/2019\/09\/coachella-logo-LG-300x160.png","contentUrl":"https:\/\/coachellavalleydpc.com\/wp-content\/uploads\/2019\/09\/coachella-logo-LG-300x160.png"},{"@type":"BreadcrumbList","@id":"https:\/\/coachellavalleydpc.com\/es\/reserva-una-cita-para-una-prueba-de-covid-en-coachella-valley\/#breadcrumb","itemListElement":[{"@type":"ListItem","position":1,"name":"Home","item":"https:\/\/coachellavalleydpc.com\/es\/inicio\/"},{"@type":"ListItem","position":2,"name":"reserva una cita para una prueba de covid en coachella valley"}]},{"@type":"WebSite","@id":"https:\/\/coachellavalleydpc.com\/#website","url":"https:\/\/coachellavalleydpc.com\/","name":"Coachella Valley Direct Primary Care","description":"Frustration-Free Health Care","publisher":{"@id":"https:\/\/coachellavalleydpc.com\/#organization"},"potentialAction":[{"@type":"SearchAction","target":{"@type":"EntryPoint","urlTemplate":"https:\/\/coachellavalleydpc.com\/?s={search_term_string}"},"query-input":"required name=search_term_string"}],"inLanguage":"es"},{"@type":"Organization","@id":"https:\/\/coachellavalleydpc.com\/#organization","name":"Coachella Valley Direct Primary Care","url":"https:\/\/coachellavalleydpc.com\/","logo":{"@type":"ImageObject","inLanguage":"es","@id":"https:\/\/coachellavalleydpc.com\/#\/schema\/logo\/image\/","url":"https:\/\/coachellavalleydpc.com\/wp-content\/uploads\/2019\/08\/coachella-logo-e1567181525673.png","contentUrl":"https:\/\/coachellavalleydpc.com\/wp-content\/uploads\/2019\/08\/coachella-logo-e1567181525673.png","width":250,"height":133,"caption":"Coachella Valley Direct Primary Care"},"image":{"@id":"https:\/\/coachellavalleydpc.com\/#\/schema\/logo\/image\/"}}]}},"_links":{"self":[{"href":"https:\/\/coachellavalleydpc.com\/es\/wp-json\/wp\/v2\/pages\/3081"}],"collection":[{"href":"https:\/\/coachellavalleydpc.com\/es\/wp-json\/wp\/v2\/pages"}],"about":[{"href":"https:\/\/coachellavalleydpc.com\/es\/wp-json\/wp\/v2\/types\/page"}],"author":[{"embeddable":true,"href":"https:\/\/coachellavalleydpc.com\/es\/wp-json\/wp\/v2\/users\/5"}],"replies":[{"embeddable":true,"href":"https:\/\/coachellavalleydpc.com\/es\/wp-json\/wp\/v2\/comments?post=3081"}],"version-history":[{"count":1,"href":"https:\/\/coachellavalleydpc.com\/es\/wp-json\/wp\/v2\/pages\/3081\/revisions"}],"predecessor-version":[{"id":3082,"href":"https:\/\/coachellavalleydpc.com\/es\/wp-json\/wp\/v2\/pages\/3081\/revisions\/3082"}],"wp:attachment":[{"href":"https:\/\/coachellavalleydpc.com\/es\/wp-json\/wp\/v2\/media?parent=3081"}],"curies":[{"name":"wp","href":"https:\/\/api.w.org\/{rel}","templated":true}]}}