{"id":3079,"date":"2024-12-16T14:57:31","date_gmt":"2024-12-16T14:57:31","guid":{"rendered":"https:\/\/coachellavalleydpc.com\/antes-y-despues\/"},"modified":"2025-02-16T10:53:57","modified_gmt":"2025-02-16T10:53:57","slug":"antes-y-despues","status":"publish","type":"page","link":"https:\/\/coachellavalleydpc.com\/es\/antes-y-despues\/","title":{"rendered":"Antes y despu\u00e9s"},"content":{"rendered":"\t\t<div data-elementor-type=\"wp-page\" data-elementor-id=\"3079\" class=\"elementor elementor-3079 elementor-2474\" data-elementor-post-type=\"page\">\n\t\t\t\t<div class=\"elementor-element elementor-element-a15fb74 e-con-full e-flex e-con e-parent\" data-id=\"a15fb74\" data-element_type=\"container\">\n\t\t\t\t<div class=\"elementor-element elementor-element-8fda637 elementor-widget elementor-widget-image\" data-id=\"8fda637\" data-element_type=\"widget\" data-widget_type=\"image.default\">\n\t\t\t\t<div class=\"elementor-widget-container\">\n\t\t\t\t\t\t\t\t\t\t\t\t\t\t\t<img fetchpriority=\"high\" fetchpriority=\"high\" decoding=\"async\" width=\"1024\" height=\"235\" src=\"https:\/\/coachellavalleydpc.com\/wp-content\/uploads\/2024\/12\/realresultsheader-copy-1024x235.webp\" class=\"attachment-large size-large wp-image-2482\" alt=\"\" srcset=\"https:\/\/coachellavalleydpc.com\/wp-content\/uploads\/2024\/12\/realresultsheader-copy-1024x235.webp 1024w, https:\/\/coachellavalleydpc.com\/wp-content\/uploads\/2024\/12\/realresultsheader-copy-980x225.webp 980w, https:\/\/coachellavalleydpc.com\/wp-content\/uploads\/2024\/12\/realresultsheader-copy-480x110.webp 480w\" sizes=\"(min-width: 0px) and (max-width: 480px) 480px, (min-width: 481px) and (max-width: 980px) 980px, (min-width: 981px) 1024px, 100vw\" \/>\t\t\t\t\t\t\t\t\t\t\t\t\t\t\t<\/div>\n\t\t\t\t<\/div>\n\t\t\t\t<\/div>\n\t\t<div class=\"elementor-element elementor-element-8a69e5b e-con-full e-flex e-con e-parent\" data-id=\"8a69e5b\" data-element_type=\"container\">\n\t\t\t\t<div class=\"elementor-element elementor-element-ad79231 elementor-widget elementor-widget-heading\" data-id=\"ad79231\" data-element_type=\"widget\" data-widget_type=\"heading.default\">\n\t\t\t\t<div class=\"elementor-widget-container\">\n\t\t\t\t\t<h2 class=\"elementor-heading-title elementor-size-default\">VER RESULTADOS REALES DE BOTOX\u00ae COSM\u00c9TICO<\/h2>\t\t\t\t<\/div>\n\t\t\t\t<\/div>\n\t\t\t\t<div class=\"elementor-element elementor-element-46147ec elementor-widget__width-initial elementor-widget elementor-widget-text-editor\" data-id=\"46147ec\" data-element_type=\"widget\" data-widget_type=\"text-editor.default\">\n\t\t\t\t<div class=\"elementor-widget-container\">\n\t\t\t\t\t\t\t\t\t<p><sup>BOTOX\u00ae<\/sup> Cosm\u00e9tico tiene una formulaci\u00f3n \u00fanica y s\u00f3lo <sup>BOTOX\u00ae<\/sup> Cosm\u00e9tico est\u00e1 aprobado por la FDA para mejorar temporalmente el aspecto de las arrugas del entrecejo, las patas de gallo y las arrugas de la frente de moderadas a graves en adultos.<\/p><p>Observa resultados reales con <sup>BOTOX\u00ae<\/sup> Cosm\u00e9tico: el producto n\u00ba 1 en ventas de su clase en el mundo<sup>.1<\/sup><\/p>\t\t\t\t\t\t\t\t<\/div>\n\t\t\t\t<\/div>\n\t\t\t\t<\/div>\n\t\t<div class=\"elementor-element elementor-element-1623dbf e-flex e-con-boxed e-con e-parent\" data-id=\"1623dbf\" data-element_type=\"container\">\n\t\t\t\t\t<div class=\"e-con-inner\">\n\t\t\t\t<div class=\"elementor-element elementor-element-12411ba elementor-widget elementor-widget-ucaddon_uc_before_after\" data-id=\"12411ba\" data-element_type=\"widget\" data-widget_type=\"ucaddon_uc_before_after.default\">\n\t\t\t\t<div class=\"elementor-widget-container\">\n\t\t\t\t\t<!-- start Before After -->\n\t\t\t<style type=\"text\/css\">\/* widget: Before After *\/\n\n#uc_uc_before_after_elementor_12411ba {\n\tbox-sizing: border-box;\n\tcursor: pointer;\n\tmargin: 0;\n\toverflow: hidden;\n\tpadding: 0;\n\tposition: relative;\n\tuser-select: none;\n}\n\n#uc_uc_before_after_elementor_12411ba img{\n\tisolation: unset;\n}  \n\n#uc_uc_before_after_elementor_12411ba * {\n\tbox-sizing: inherit;\n}\n\n#uc_uc_before_after_elementor_12411ba ::after,\n#uc_uc_before_after_elementor_12411ba ::before {\n\tbox-sizing: inherit;\n}\n\n#uc_uc_before_after_elementor_12411ba img,\n#uc_uc_before_after_elementor_12411ba picture>img {\n\tmax-width: none;\n}\n\n#uc_uc_before_after_elementor_12411ba>img,\n#uc_uc_before_after_elementor_12411ba>picture>img {\n\tdisplay: block;\n\twidth: 100%;\n}\n\n#uc_uc_before_after_elementor_12411ba>div:first-child,\npicture #uc_uc_before_after_elementor_12411ba>div {\n\t\n\tleft: 0;\n\toverflow: hidden;\n\tposition: absolute;\n\ttop: 0;\n      \twidth: 50%;\n    height: 100%;\n  \t\t\n  \t\t\n}\n\n#uc_uc_before_after_elementor_12411ba .cocoen-drag {\n\tposition: absolute;\n}\n\n#uc_uc_before_after_elementor_12411ba .cocoen-drag::before {\n\tcontent: '';\n  \tposition: absolute;\n  \t      left: 50%;\n      top: 50%;\n\t  transform:translate(-50%,-50%);  \n      \n}\n\n\/* general arrows settings *\/\n\/* end general arrows settings *\/\n\n\/* horizontal direction *\/\n  #uc_uc_before_after_elementor_12411ba .cocoen-drag {\n      cursor: ew-resize;\n      bottom: 0;\n      left: 50%;\n      transform:translateX(-50%);\n      top: 0;\n  }\n\n  \t\n\/* end horizontal direction *\/\n\n\/* vertical direction *\/\n\/* end vertical direction *\/\n\n\n#uc_uc_before_after_elementor_12411ba > div {\n  z-index:1;\n}\n#uc_uc_before_after_elementor_12411ba .cocoen-drag{\n  z-index:2;\n}\n\n<\/style>\n\n\t\t\t<div class=\"cocoen before-after-widget\" id=\"uc_uc_before_after_elementor_12411ba\" style=\"direction:ltr;\" data-workineditor=\"false\" data-isineditor=\"no\">\n  \n  <img decoding=\"async\" src=\"https:\/\/coachellavalleydpc.com\/wp-content\/uploads\/2024\/12\/tonyaforeheadlinesafter-768x413.webp\"  src=\"https:\/\/coachellavalleydpc.com\/wp-content\/uploads\/2024\/12\/tonyaforeheadlinesafter-768x413.webp\" alt=\"tonyaforeheadlinesafter\" width=\"768\" height=\"413\">\n  <img decoding=\"async\" src=\"https:\/\/coachellavalleydpc.com\/wp-content\/uploads\/2024\/12\/tonyafrownlinesbefore-768x413.webp\"  src=\"https:\/\/coachellavalleydpc.com\/wp-content\/uploads\/2024\/12\/tonyafrownlinesbefore-768x413.webp\" alt=\"tonyafrownlinesbefore\" width=\"768\" height=\"413\">\n    \n  \t\n  \n<\/div>\n\t\t\t<!-- end Before After -->\t\t\t\t<\/div>\n\t\t\t\t<\/div>\n\t\t\t\t<div class=\"elementor-element elementor-element-67fbea7 gallery-spacing-custom elementor-widget elementor-widget-image-gallery\" data-id=\"67fbea7\" data-element_type=\"widget\" data-widget_type=\"image-gallery.default\">\n\t\t\t\t<div class=\"elementor-widget-container\">\n\t\t\t\t\t\t\t<div class=\"elementor-image-gallery\">\n\t\t\t\n\t\t<style type=\"text\/css\">\n\t\t\t#gallery-1 {\n\t\t\t\tmargin: auto;\n\t\t\t}\n\t\t\t#gallery-1 .gallery-item {\n\t\t\t\tfloat: left;\n\t\t\t\tmargin-top: 10px;\n\t\t\t\ttext-align: center;\n\t\t\t\twidth: 12%;\n\t\t\t}\n\t\t\t#gallery-1 img {\n\t\t\t\tborder: 2px solid #cfcfcf;\n\t\t\t}\n\t\t\t#gallery-1 .gallery-caption {\n\t\t\t\tmargin-left: 0;\n\t\t\t}\n\t\t\t\/* see gallery_shortcode() in wp-includes\/media.php *\/\n\t\t<\/style>\n\t\t<div id='gallery-1' class='gallery galleryid-3079 gallery-columns-8 gallery-size-full'><dl class='gallery-item'>\n\t\t\t<dt class='gallery-icon portrait'>\n\t\t\t\t<a data-elementor-open-lightbox=\"yes\" data-elementor-lightbox-slideshow=\"67fbea7\" data-elementor-lightbox-title=\"marieimageslider\" data-e-action-hash=\"#elementor-action%3Aaction%3Dlightbox%26settings%3DeyJpZCI6MjY4OSwidXJsIjoiaHR0cHM6XC9cL2NvYWNoZWxsYXZhbGxleWRwYy5jb21cL3dwLWNvbnRlbnRcL3VwbG9hZHNcLzIwMjRcLzEyXC9tYXJpZWltYWdlc2xpZGVyLndlYnAiLCJzbGlkZXNob3ciOiI2N2ZiZWE3In0%3D\" href='https:\/\/coachellavalleydpc.com\/wp-content\/uploads\/2024\/12\/marieimageslider.webp'><img loading=\"lazy\" loading=\"lazy\" decoding=\"async\" width=\"81\" height=\"101\" src=\"https:\/\/coachellavalleydpc.com\/wp-content\/uploads\/2024\/12\/marieimageslider.webp\" class=\"attachment-full size-full\" alt=\"\" \/><\/a>\n\t\t\t<\/dt><\/dl><dl class='gallery-item'>\n\t\t\t<dt class='gallery-icon portrait'>\n\t\t\t\t<a data-elementor-open-lightbox=\"yes\" data-elementor-lightbox-slideshow=\"67fbea7\" data-elementor-lightbox-title=\"javiimageslider\" data-e-action-hash=\"#elementor-action%3Aaction%3Dlightbox%26settings%3DeyJpZCI6MjY5MCwidXJsIjoiaHR0cHM6XC9cL2NvYWNoZWxsYXZhbGxleWRwYy5jb21cL3dwLWNvbnRlbnRcL3VwbG9hZHNcLzIwMjRcLzEyXC9qYXZpaW1hZ2VzbGlkZXIud2VicCIsInNsaWRlc2hvdyI6IjY3ZmJlYTcifQ%3D%3D\" href='https:\/\/coachellavalleydpc.com\/wp-content\/uploads\/2024\/12\/javiimageslider.webp'><img loading=\"lazy\" loading=\"lazy\" decoding=\"async\" width=\"81\" height=\"101\" src=\"https:\/\/coachellavalleydpc.com\/wp-content\/uploads\/2024\/12\/javiimageslider.webp\" class=\"attachment-full size-full\" alt=\"\" \/><\/a>\n\t\t\t<\/dt><\/dl><dl class='gallery-item'>\n\t\t\t<dt class='gallery-icon portrait'>\n\t\t\t\t<a data-elementor-open-lightbox=\"yes\" data-elementor-lightbox-slideshow=\"67fbea7\" data-elementor-lightbox-title=\"kimberlyimageslider\" data-e-action-hash=\"#elementor-action%3Aaction%3Dlightbox%26settings%3DeyJpZCI6MjY5MSwidXJsIjoiaHR0cHM6XC9cL2NvYWNoZWxsYXZhbGxleWRwYy5jb21cL3dwLWNvbnRlbnRcL3VwbG9hZHNcLzIwMjRcLzEyXC9raW1iZXJseWltYWdlc2xpZGVyLndlYnAiLCJzbGlkZXNob3ciOiI2N2ZiZWE3In0%3D\" href='https:\/\/coachellavalleydpc.com\/wp-content\/uploads\/2024\/12\/kimberlyimageslider.webp'><img loading=\"lazy\" loading=\"lazy\" decoding=\"async\" width=\"81\" height=\"101\" src=\"https:\/\/coachellavalleydpc.com\/wp-content\/uploads\/2024\/12\/kimberlyimageslider.webp\" class=\"attachment-full size-full\" alt=\"\" \/><\/a>\n\t\t\t<\/dt><\/dl><dl class='gallery-item'>\n\t\t\t<dt class='gallery-icon portrait'>\n\t\t\t\t<a data-elementor-open-lightbox=\"yes\" data-elementor-lightbox-slideshow=\"67fbea7\" data-elementor-lightbox-title=\"gregoryimageslider\" data-e-action-hash=\"#elementor-action%3Aaction%3Dlightbox%26settings%3DeyJpZCI6MjY5MiwidXJsIjoiaHR0cHM6XC9cL2NvYWNoZWxsYXZhbGxleWRwYy5jb21cL3dwLWNvbnRlbnRcL3VwbG9hZHNcLzIwMjRcLzEyXC9ncmVnb3J5aW1hZ2VzbGlkZXIud2VicCIsInNsaWRlc2hvdyI6IjY3ZmJlYTcifQ%3D%3D\" href='https:\/\/coachellavalleydpc.com\/wp-content\/uploads\/2024\/12\/gregoryimageslider.webp'><img loading=\"lazy\" loading=\"lazy\" decoding=\"async\" width=\"81\" height=\"101\" src=\"https:\/\/coachellavalleydpc.com\/wp-content\/uploads\/2024\/12\/gregoryimageslider.webp\" class=\"attachment-full size-full\" alt=\"\" \/><\/a>\n\t\t\t<\/dt><\/dl><dl class='gallery-item'>\n\t\t\t<dt class='gallery-icon portrait'>\n\t\t\t\t<a data-elementor-open-lightbox=\"yes\" data-elementor-lightbox-slideshow=\"67fbea7\" data-elementor-lightbox-title=\"wendyimageslider\" data-e-action-hash=\"#elementor-action%3Aaction%3Dlightbox%26settings%3DeyJpZCI6MjY5MywidXJsIjoiaHR0cHM6XC9cL2NvYWNoZWxsYXZhbGxleWRwYy5jb21cL3dwLWNvbnRlbnRcL3VwbG9hZHNcLzIwMjRcLzEyXC93ZW5keWltYWdlc2xpZGVyLndlYnAiLCJzbGlkZXNob3ciOiI2N2ZiZWE3In0%3D\" href='https:\/\/coachellavalleydpc.com\/wp-content\/uploads\/2024\/12\/wendyimageslider.webp'><img loading=\"lazy\" loading=\"lazy\" decoding=\"async\" width=\"81\" height=\"101\" src=\"https:\/\/coachellavalleydpc.com\/wp-content\/uploads\/2024\/12\/wendyimageslider.webp\" class=\"attachment-full size-full\" alt=\"\" \/><\/a>\n\t\t\t<\/dt><\/dl><dl class='gallery-item'>\n\t\t\t<dt class='gallery-icon portrait'>\n\t\t\t\t<a data-elementor-open-lightbox=\"yes\" data-elementor-lightbox-slideshow=\"67fbea7\" data-elementor-lightbox-title=\"ericimageslider\" data-e-action-hash=\"#elementor-action%3Aaction%3Dlightbox%26settings%3DeyJpZCI6MjY5NCwidXJsIjoiaHR0cHM6XC9cL2NvYWNoZWxsYXZhbGxleWRwYy5jb21cL3dwLWNvbnRlbnRcL3VwbG9hZHNcLzIwMjRcLzEyXC9lcmljaW1hZ2VzbGlkZXIud2VicCIsInNsaWRlc2hvdyI6IjY3ZmJlYTcifQ%3D%3D\" href='https:\/\/coachellavalleydpc.com\/wp-content\/uploads\/2024\/12\/ericimageslider.webp'><img loading=\"lazy\" loading=\"lazy\" decoding=\"async\" width=\"81\" height=\"101\" src=\"https:\/\/coachellavalleydpc.com\/wp-content\/uploads\/2024\/12\/ericimageslider.webp\" class=\"attachment-full size-full\" alt=\"\" \/><\/a>\n\t\t\t<\/dt><\/dl><dl class='gallery-item'>\n\t\t\t<dt class='gallery-icon portrait'>\n\t\t\t\t<a data-elementor-open-lightbox=\"yes\" data-elementor-lightbox-slideshow=\"67fbea7\" data-elementor-lightbox-title=\"danielleimageslider\" data-e-action-hash=\"#elementor-action%3Aaction%3Dlightbox%26settings%3DeyJpZCI6MjY5NSwidXJsIjoiaHR0cHM6XC9cL2NvYWNoZWxsYXZhbGxleWRwYy5jb21cL3dwLWNvbnRlbnRcL3VwbG9hZHNcLzIwMjRcLzEyXC9kYW5pZWxsZWltYWdlc2xpZGVyLndlYnAiLCJzbGlkZXNob3ciOiI2N2ZiZWE3In0%3D\" href='https:\/\/coachellavalleydpc.com\/wp-content\/uploads\/2024\/12\/danielleimageslider.webp'><img loading=\"lazy\" loading=\"lazy\" decoding=\"async\" width=\"81\" height=\"101\" src=\"https:\/\/coachellavalleydpc.com\/wp-content\/uploads\/2024\/12\/danielleimageslider.webp\" class=\"attachment-full size-full\" alt=\"\" \/><\/a>\n\t\t\t<\/dt><\/dl><dl class='gallery-item'>\n\t\t\t<dt class='gallery-icon portrait'>\n\t\t\t\t<a data-elementor-open-lightbox=\"yes\" data-elementor-lightbox-slideshow=\"67fbea7\" data-elementor-lightbox-title=\"tonyaimageslider\" data-e-action-hash=\"#elementor-action%3Aaction%3Dlightbox%26settings%3DeyJpZCI6MjY5NiwidXJsIjoiaHR0cHM6XC9cL2NvYWNoZWxsYXZhbGxleWRwYy5jb21cL3dwLWNvbnRlbnRcL3VwbG9hZHNcLzIwMjRcLzEyXC90b255YWltYWdlc2xpZGVyLndlYnAiLCJzbGlkZXNob3ciOiI2N2ZiZWE3In0%3D\" href='https:\/\/coachellavalleydpc.com\/wp-content\/uploads\/2024\/12\/tonyaimageslider.webp'><img loading=\"lazy\" loading=\"lazy\" decoding=\"async\" width=\"81\" height=\"101\" src=\"https:\/\/coachellavalleydpc.com\/wp-content\/uploads\/2024\/12\/tonyaimageslider.webp\" class=\"attachment-full size-full\" alt=\"\" \/><\/a>\n\t\t\t<\/dt><\/dl><br style=\"clear: both\" \/>\n\t\t<\/div>\n\t\t<\/div>\n\t\t\t\t\t\t<\/div>\n\t\t\t\t<\/div>\n\t\t\t\t\t<\/div>\n\t\t\t\t<\/div>\n\t\t\t\t<\/div>\n\t\t","protected":false},"excerpt":{"rendered":"<p>VER RESULTADOS REALES DE BOTOX\u00ae COSM\u00c9TICO BOTOX\u00ae Cosm\u00e9tico tiene una formulaci\u00f3n \u00fanica y s\u00f3lo BOTOX\u00ae Cosm\u00e9tico est\u00e1 aprobado por la FDA para mejorar temporalmente el aspecto de las arrugas del entrecejo, las patas de gallo y las arrugas de la frente de moderadas a graves en adultos. Observa resultados reales con BOTOX\u00ae Cosm\u00e9tico: el producto [&hellip;]<\/p>\n","protected":false},"author":9,"featured_media":0,"parent":0,"menu_order":0,"comment_status":"closed","ping_status":"closed","template":"elementor_header_footer","meta":{"_et_pb_use_builder":"","_et_pb_old_content":"","_et_gb_content_width":"","_exactmetrics_skip_tracking":false,"_exactmetrics_sitenote_active":false,"_exactmetrics_sitenote_note":"","_exactmetrics_sitenote_category":0,"footnotes":""},"yoast_head":"<!-- This site is optimized with the Yoast SEO plugin v22.7 - https:\/\/yoast.com\/wordpress\/plugins\/seo\/ -->\n<title>Antes y despu\u00e9s - Coachella Valley Direct Primary Care<\/title>\n<meta name=\"robots\" content=\"index, follow, max-snippet:-1, max-image-preview:large, max-video-preview:-1\" \/>\n<link rel=\"canonical\" href=\"https:\/\/coachellavalleydpc.com\/es\/antes-y-despues\/\" \/>\n<meta property=\"og:locale\" content=\"es_ES\" \/>\n<meta property=\"og:type\" content=\"article\" \/>\n<meta property=\"og:title\" content=\"Antes y despu\u00e9s - Coachella Valley Direct Primary Care\" \/>\n<meta property=\"og:description\" content=\"VER RESULTADOS REALES DE BOTOX\u00ae COSM\u00c9TICO BOTOX\u00ae Cosm\u00e9tico tiene una formulaci\u00f3n \u00fanica y s\u00f3lo BOTOX\u00ae Cosm\u00e9tico est\u00e1 aprobado por la FDA para mejorar temporalmente el aspecto de las arrugas del entrecejo, las patas de gallo y las arrugas de la frente de moderadas a graves en adultos. Observa resultados reales con BOTOX\u00ae Cosm\u00e9tico: el producto [&hellip;]\" \/>\n<meta property=\"og:url\" content=\"https:\/\/coachellavalleydpc.com\/es\/antes-y-despues\/\" \/>\n<meta property=\"og:site_name\" content=\"Coachella Valley Direct Primary Care\" \/>\n<meta property=\"article:modified_time\" content=\"2025-02-16T10:53:57+00:00\" \/>\n<meta property=\"og:image\" content=\"https:\/\/coachellavalleydpc.com\/wp-content\/uploads\/2024\/12\/realresultsheader-copy-1024x235.webp\" \/>\n<meta name=\"twitter:card\" content=\"summary_large_image\" \/>\n<!-- \/ Yoast SEO plugin. -->","yoast_head_json":{"title":"Antes y despu\u00e9s - Coachella Valley Direct Primary Care","robots":{"index":"index","follow":"follow","max-snippet":"max-snippet:-1","max-image-preview":"max-image-preview:large","max-video-preview":"max-video-preview:-1"},"canonical":"https:\/\/coachellavalleydpc.com\/es\/antes-y-despues\/","og_locale":"es_ES","og_type":"article","og_title":"Antes y despu\u00e9s - Coachella Valley Direct Primary Care","og_description":"VER RESULTADOS REALES DE BOTOX\u00ae COSM\u00c9TICO BOTOX\u00ae Cosm\u00e9tico tiene una formulaci\u00f3n \u00fanica y s\u00f3lo BOTOX\u00ae Cosm\u00e9tico est\u00e1 aprobado por la FDA para mejorar temporalmente el aspecto de las arrugas del entrecejo, las patas de gallo y las arrugas de la frente de moderadas a graves en adultos. Observa resultados reales con BOTOX\u00ae Cosm\u00e9tico: el producto [&hellip;]","og_url":"https:\/\/coachellavalleydpc.com\/es\/antes-y-despues\/","og_site_name":"Coachella Valley Direct Primary Care","article_modified_time":"2025-02-16T10:53:57+00:00","og_image":[{"url":"https:\/\/coachellavalleydpc.com\/wp-content\/uploads\/2024\/12\/realresultsheader-copy-1024x235.webp"}],"twitter_card":"summary_large_image","schema":{"@context":"https:\/\/schema.org","@graph":[{"@type":"WebPage","@id":"https:\/\/coachellavalleydpc.com\/es\/antes-y-despues\/","url":"https:\/\/coachellavalleydpc.com\/es\/antes-y-despues\/","name":"Antes y despu\u00e9s - Coachella Valley Direct Primary Care","isPartOf":{"@id":"https:\/\/coachellavalleydpc.com\/#website"},"primaryImageOfPage":{"@id":"https:\/\/coachellavalleydpc.com\/es\/antes-y-despues\/#primaryimage"},"image":{"@id":"https:\/\/coachellavalleydpc.com\/es\/antes-y-despues\/#primaryimage"},"thumbnailUrl":"https:\/\/coachellavalleydpc.com\/wp-content\/uploads\/2024\/12\/realresultsheader-copy-1024x235.webp","datePublished":"2024-12-16T14:57:31+00:00","dateModified":"2025-02-16T10:53:57+00:00","breadcrumb":{"@id":"https:\/\/coachellavalleydpc.com\/es\/antes-y-despues\/#breadcrumb"},"inLanguage":"es","potentialAction":[{"@type":"ReadAction","target":["https:\/\/coachellavalleydpc.com\/es\/antes-y-despues\/"]}]},{"@type":"ImageObject","inLanguage":"es","@id":"https:\/\/coachellavalleydpc.com\/es\/antes-y-despues\/#primaryimage","url":"https:\/\/coachellavalleydpc.com\/wp-content\/uploads\/2024\/12\/realresultsheader-copy-1024x235.webp","contentUrl":"https:\/\/coachellavalleydpc.com\/wp-content\/uploads\/2024\/12\/realresultsheader-copy-1024x235.webp"},{"@type":"BreadcrumbList","@id":"https:\/\/coachellavalleydpc.com\/es\/antes-y-despues\/#breadcrumb","itemListElement":[{"@type":"ListItem","position":1,"name":"Home","item":"https:\/\/coachellavalleydpc.com\/es\/inicio\/"},{"@type":"ListItem","position":2,"name":"Antes y despu\u00e9s"}]},{"@type":"WebSite","@id":"https:\/\/coachellavalleydpc.com\/#website","url":"https:\/\/coachellavalleydpc.com\/","name":"Coachella Valley Direct Primary Care","description":"Frustration-Free Health Care","publisher":{"@id":"https:\/\/coachellavalleydpc.com\/#organization"},"potentialAction":[{"@type":"SearchAction","target":{"@type":"EntryPoint","urlTemplate":"https:\/\/coachellavalleydpc.com\/?s={search_term_string}"},"query-input":"required name=search_term_string"}],"inLanguage":"es"},{"@type":"Organization","@id":"https:\/\/coachellavalleydpc.com\/#organization","name":"Coachella Valley Direct Primary Care","url":"https:\/\/coachellavalleydpc.com\/","logo":{"@type":"ImageObject","inLanguage":"es","@id":"https:\/\/coachellavalleydpc.com\/#\/schema\/logo\/image\/","url":"https:\/\/coachellavalleydpc.com\/wp-content\/uploads\/2019\/08\/coachella-logo-e1567181525673.png","contentUrl":"https:\/\/coachellavalleydpc.com\/wp-content\/uploads\/2019\/08\/coachella-logo-e1567181525673.png","width":250,"height":133,"caption":"Coachella Valley Direct Primary Care"},"image":{"@id":"https:\/\/coachellavalleydpc.com\/#\/schema\/logo\/image\/"}}]}},"_links":{"self":[{"href":"https:\/\/coachellavalleydpc.com\/es\/wp-json\/wp\/v2\/pages\/3079"}],"collection":[{"href":"https:\/\/coachellavalleydpc.com\/es\/wp-json\/wp\/v2\/pages"}],"about":[{"href":"https:\/\/coachellavalleydpc.com\/es\/wp-json\/wp\/v2\/types\/page"}],"author":[{"embeddable":true,"href":"https:\/\/coachellavalleydpc.com\/es\/wp-json\/wp\/v2\/users\/9"}],"replies":[{"embeddable":true,"href":"https:\/\/coachellavalleydpc.com\/es\/wp-json\/wp\/v2\/comments?post=3079"}],"version-history":[{"count":1,"href":"https:\/\/coachellavalleydpc.com\/es\/wp-json\/wp\/v2\/pages\/3079\/revisions"}],"predecessor-version":[{"id":3080,"href":"https:\/\/coachellavalleydpc.com\/es\/wp-json\/wp\/v2\/pages\/3079\/revisions\/3080"}],"wp:attachment":[{"href":"https:\/\/coachellavalleydpc.com\/es\/wp-json\/wp\/v2\/media?parent=3079"}],"curies":[{"name":"wp","href":"https:\/\/api.w.org\/{rel}","templated":true}]}}